{"id":893,"date":"2025-09-03T21:45:44","date_gmt":"2025-09-04T00:45:44","guid":{"rendered":"http:\/\/legneon.com.ar\/?post_type=product&#038;p=893"},"modified":"2026-05-09T11:22:05","modified_gmt":"2026-05-09T14:22:05","slug":"chupin-hombre-rustico","status":"publish","type":"product","link":"https:\/\/legneon.com.ar\/es\/producto\/chupin-hombre-rustico\/","title":{"rendered":"Chup\u00edn Hombre R\u00fastico"},"content":{"rendered":"<p><strong>Pantal\u00f3n joggin chupin rustico, cintura con elastico y cordon interno para mejor ajuste. Bolsillos delanteros con cierre y logo en plastisol.<\/strong><\/p>\n<p>Talle 1 &#8211; S<br \/>\nTalle 2 &#8211; M<br \/>\nTalle 3 &#8211; L<br \/>\nTalle 4 &#8211; XL<br \/>\nTalle 5 &#8211; 2XL<br \/>\nTalle 6 &#8211; 3XL<\/p>","protected":false},"excerpt":{"rendered":"<p>Pantal\u00f3n joggin chupin rustico, cintura con elastico y cordon interno para mejor ajuste. Bolsillos delanteros con cierre y logo en plastisol. Talle 1 &#8211; S Talle 2 &#8211; M Talle 3 &#8211; L Talle 4 &#8211; XL Talle 5 &#8211; 2XL Talle 6 &#8211; 3XL<\/p>","protected":false},"featured_media":904,"template":"","meta":[],"product_brand":[],"product_cat":[16,17],"product_tag":[22,18,127,51],"class_list":{"0":"post-893","1":"product","2":"type-product","3":"status-publish","4":"has-post-thumbnail","6":"product_cat-hombre","7":"product_cat-pantalon","8":"product_tag-basicos","9":"product_tag-escolar","10":"product_tag-rustico-alg-pol","11":"product_tag-verano","13":"first","14":"instock","15":"shipping-taxable","16":"purchasable","17":"product-type-variable"},"_links":{"self":[{"href":"https:\/\/legneon.com.ar\/es\/wp-json\/wp\/v2\/product\/893","targetHints":{"allow":["GET"]}}],"collection":[{"href":"https:\/\/legneon.com.ar\/es\/wp-json\/wp\/v2\/product"}],"about":[{"href":"https:\/\/legneon.com.ar\/es\/wp-json\/wp\/v2\/types\/product"}],"wp:featuredmedia":[{"embeddable":true,"href":"https:\/\/legneon.com.ar\/es\/wp-json\/wp\/v2\/media\/904"}],"wp:attachment":[{"href":"https:\/\/legneon.com.ar\/es\/wp-json\/wp\/v2\/media?parent=893"}],"wp:term":[{"taxonomy":"product_brand","embeddable":true,"href":"https:\/\/legneon.com.ar\/es\/wp-json\/wp\/v2\/product_brand?post=893"},{"taxonomy":"product_cat","embeddable":true,"href":"https:\/\/legneon.com.ar\/es\/wp-json\/wp\/v2\/product_cat?post=893"},{"taxonomy":"product_tag","embeddable":true,"href":"https:\/\/legneon.com.ar\/es\/wp-json\/wp\/v2\/product_tag?post=893"}],"curies":[{"name":"wp","href":"https:\/\/api.w.org\/{rel}","templated":true}]}}