{"id":882,"date":"2025-09-03T21:45:44","date_gmt":"2025-09-04T00:45:44","guid":{"rendered":"http:\/\/legneon.com.ar\/?post_type=product&#038;p=882"},"modified":"2026-05-02T12:19:07","modified_gmt":"2026-05-02T15:19:07","slug":"pantalon-hombre-clasico-rustico-t7-y-t8","status":"publish","type":"product","link":"https:\/\/legneon.com.ar\/es\/producto\/pantalon-hombre-clasico-rustico-t7-y-t8\/","title":{"rendered":"Pantal\u00f3n Hombre Cl\u00e1sico R\u00fastico T7 y T8"},"content":{"rendered":"","protected":false},"excerpt":{"rendered":"","protected":false},"featured_media":895,"template":"","meta":[],"product_brand":[],"product_cat":[16,17],"product_tag":[22,127,51],"class_list":{"0":"post-882","1":"product","2":"type-product","3":"status-publish","4":"has-post-thumbnail","6":"product_cat-hombre","7":"product_cat-pantalon","8":"product_tag-basicos","9":"product_tag-rustico-alg-pol","10":"product_tag-verano","12":"first","13":"outofstock","14":"shipping-taxable","15":"purchasable","16":"product-type-variable"},"_links":{"self":[{"href":"https:\/\/legneon.com.ar\/es\/wp-json\/wp\/v2\/product\/882","targetHints":{"allow":["GET"]}}],"collection":[{"href":"https:\/\/legneon.com.ar\/es\/wp-json\/wp\/v2\/product"}],"about":[{"href":"https:\/\/legneon.com.ar\/es\/wp-json\/wp\/v2\/types\/product"}],"wp:featuredmedia":[{"embeddable":true,"href":"https:\/\/legneon.com.ar\/es\/wp-json\/wp\/v2\/media\/895"}],"wp:attachment":[{"href":"https:\/\/legneon.com.ar\/es\/wp-json\/wp\/v2\/media?parent=882"}],"wp:term":[{"taxonomy":"product_brand","embeddable":true,"href":"https:\/\/legneon.com.ar\/es\/wp-json\/wp\/v2\/product_brand?post=882"},{"taxonomy":"product_cat","embeddable":true,"href":"https:\/\/legneon.com.ar\/es\/wp-json\/wp\/v2\/product_cat?post=882"},{"taxonomy":"product_tag","embeddable":true,"href":"https:\/\/legneon.com.ar\/es\/wp-json\/wp\/v2\/product_tag?post=882"}],"curies":[{"name":"wp","href":"https:\/\/api.w.org\/{rel}","templated":true}]}}