{"id":754,"date":"2025-09-03T21:44:24","date_gmt":"2025-09-04T00:44:24","guid":{"rendered":"http:\/\/legneon.com.ar\/?post_type=product&#038;p=754"},"modified":"2026-04-06T11:03:13","modified_gmt":"2026-04-06T14:03:13","slug":"chupin-nene-rustico-t6-al-t18","status":"publish","type":"product","link":"https:\/\/legneon.com.ar\/es\/producto\/chupin-nene-rustico-t6-al-t18\/","title":{"rendered":"Chup\u00edn Nene R\u00fastico T6 al T18"},"content":{"rendered":"<p dir=\"auto\" data-pm-slice=\"1 1 []\">\u00a1Prep\u00e1rate para la vuelta al cole con el Chupin de Nene LEGNEON! Este Jogging est\u00e1 hecho de algod\u00f3n r\u00fastico, tiene bolsillos laterales con cierre y cord\u00f3n ajustable. Mantenga a su hijo con un aspecto fresco y c\u00f3modo durante todo el d\u00eda en el aula. Con el Chupin de Nene LEGNEON, estar\u00e1s seguro de estar a la altura cuando se trata de moda escolar<\/p>","protected":false},"excerpt":{"rendered":"<p>\u00a1Prep\u00e1rate para la vuelta al cole con el Chupin de Nene LEGNEON! Este Jogging est\u00e1 hecho de algod\u00f3n r\u00fastico, tiene bolsillos laterales con cierre y cord\u00f3n ajustable. Mantenga a su hijo con un aspecto fresco y c\u00f3modo durante todo el d\u00eda en el aula. Con el Chupin de Nene LEGNEON, estar\u00e1s seguro de estar a [&#8230;]\n","protected":false},"featured_media":786,"template":"","meta":[],"product_brand":[],"product_cat":[24,115],"product_tag":[18,127,51],"class_list":{"0":"post-754","1":"product","2":"type-product","3":"status-publish","4":"has-post-thumbnail","6":"product_cat-ninos","7":"product_cat-pantalon-ninos","8":"product_tag-escolar","9":"product_tag-rustico-alg-pol","10":"product_tag-verano","12":"first","13":"instock","14":"shipping-taxable","15":"purchasable","16":"product-type-variable"},"_links":{"self":[{"href":"https:\/\/legneon.com.ar\/es\/wp-json\/wp\/v2\/product\/754","targetHints":{"allow":["GET"]}}],"collection":[{"href":"https:\/\/legneon.com.ar\/es\/wp-json\/wp\/v2\/product"}],"about":[{"href":"https:\/\/legneon.com.ar\/es\/wp-json\/wp\/v2\/types\/product"}],"wp:featuredmedia":[{"embeddable":true,"href":"https:\/\/legneon.com.ar\/es\/wp-json\/wp\/v2\/media\/786"}],"wp:attachment":[{"href":"https:\/\/legneon.com.ar\/es\/wp-json\/wp\/v2\/media?parent=754"}],"wp:term":[{"taxonomy":"product_brand","embeddable":true,"href":"https:\/\/legneon.com.ar\/es\/wp-json\/wp\/v2\/product_brand?post=754"},{"taxonomy":"product_cat","embeddable":true,"href":"https:\/\/legneon.com.ar\/es\/wp-json\/wp\/v2\/product_cat?post=754"},{"taxonomy":"product_tag","embeddable":true,"href":"https:\/\/legneon.com.ar\/es\/wp-json\/wp\/v2\/product_tag?post=754"}],"curies":[{"name":"wp","href":"https:\/\/api.w.org\/{rel}","templated":true}]}}