{"id":5758,"date":"2025-09-04T08:37:36","date_gmt":"2025-09-04T11:37:36","guid":{"rendered":"http:\/\/legneon.com.ar\/?post_type=product&#038;p=5758"},"modified":"2026-04-06T13:26:22","modified_gmt":"2026-04-06T16:26:22","slug":"pantalon-wide-aura","status":"publish","type":"product","link":"https:\/\/legneon.com.ar\/es\/producto\/pantalon-wide-aura\/","title":{"rendered":"Pantal\u00f3n Wide AURA"},"content":{"rendered":"<p><strong>Pantalon de algod\u00f3n r\u00fastico premium con elastico y cord\u00f3n, bolsillos laterales.<\/strong><\/p>\n<p>Talle 1 &#8211; S<br \/>\nTalle 2 &#8211; M<br \/>\nTalle 3 &#8211; L<br \/>\nTalle 4 &#8211; XL<\/p>\n<p><em>La modelo esta usando un talle 2.\u00a0<\/em><\/p>","protected":false},"excerpt":{"rendered":"<p>Pantalon de algod\u00f3n r\u00fastico premium con elastico y cord\u00f3n, bolsillos laterales. Talle 1 &#8211; S Talle 2 &#8211; M Talle 3 &#8211; L Talle 4 &#8211; XL La modelo esta usando un talle 2.\u00a0<\/p>","protected":false},"featured_media":36700,"template":"","meta":[],"product_brand":[],"product_cat":[72,103],"product_tag":[20,206,169],"class_list":{"0":"post-5758","1":"product","2":"type-product","3":"status-publish","4":"has-post-thumbnail","6":"product_cat-mujer","7":"product_cat-pantalon-mujer","8":"product_tag-invierno","9":"product_tag-rustico-invisible","10":"product_tag-urbano","12":"first","13":"instock","14":"shipping-taxable","15":"purchasable","16":"product-type-variable"},"_links":{"self":[{"href":"https:\/\/legneon.com.ar\/es\/wp-json\/wp\/v2\/product\/5758","targetHints":{"allow":["GET"]}}],"collection":[{"href":"https:\/\/legneon.com.ar\/es\/wp-json\/wp\/v2\/product"}],"about":[{"href":"https:\/\/legneon.com.ar\/es\/wp-json\/wp\/v2\/types\/product"}],"wp:featuredmedia":[{"embeddable":true,"href":"https:\/\/legneon.com.ar\/es\/wp-json\/wp\/v2\/media\/36700"}],"wp:attachment":[{"href":"https:\/\/legneon.com.ar\/es\/wp-json\/wp\/v2\/media?parent=5758"}],"wp:term":[{"taxonomy":"product_brand","embeddable":true,"href":"https:\/\/legneon.com.ar\/es\/wp-json\/wp\/v2\/product_brand?post=5758"},{"taxonomy":"product_cat","embeddable":true,"href":"https:\/\/legneon.com.ar\/es\/wp-json\/wp\/v2\/product_cat?post=5758"},{"taxonomy":"product_tag","embeddable":true,"href":"https:\/\/legneon.com.ar\/es\/wp-json\/wp\/v2\/product_tag?post=5758"}],"curies":[{"name":"wp","href":"https:\/\/api.w.org\/{rel}","templated":true}]}}