{"id":437,"date":"2025-09-03T21:41:28","date_gmt":"2025-09-04T00:41:28","guid":{"rendered":"http:\/\/legneon.com.ar\/?post_type=product&#038;p=437"},"modified":"2026-03-27T21:01:07","modified_gmt":"2026-03-28T00:01:07","slug":"sweater-lina","status":"publish","type":"product","link":"https:\/\/legneon.com.ar\/es\/producto\/sweater-lina\/","title":{"rendered":"Sweater LINA"},"content":{"rendered":"<p data-start=\"174\" data-end=\"457\">Sweater de lana acr\u00edlica, ideal para looks c\u00f3modos y con un toque elegante. Su tejido suave y liviano proporciona abrigo sin resultar pesado, y su dise\u00f1o de textura sutil vertical estiliza la silueta y aporta un acabado moderno.<\/p>\n<p data-start=\"459\" data-end=\"598\">El talle \u00fanico se adapta a diferentes cuerpos con un calce relajado y c\u00f3modo, ideal para usar con jeans, pantalones sastreros o faldas.<\/p>\n<p data-start=\"600\" data-end=\"620\"><strong data-start=\"600\" data-end=\"620\">Caracter\u00edsticas:<\/strong><\/p>\n<ul data-start=\"621\" data-end=\"799\">\n<li data-start=\"621\" data-end=\"655\">\n<p data-start=\"623\" data-end=\"655\">Material: <strong data-start=\"633\" data-end=\"655\">100% lana acr\u00edlica<\/strong><\/p>\n<\/li>\n<li data-start=\"656\" data-end=\"669\">\n<p data-start=\"658\" data-end=\"669\">Talle \u00fanico<\/p>\n<\/li>\n<li data-start=\"691\" data-end=\"718\">\n<p data-start=\"693\" data-end=\"718\">Tejido texturado vertical<\/p>\n<\/li>\n<li data-start=\"719\" data-end=\"762\">\n<p data-start=\"721\" data-end=\"762\">Cuello redondo y terminaciones acanaladas<\/p>\n<\/li>\n<\/ul>\n<p data-start=\"801\" data-end=\"953\"><strong data-start=\"600\" data-end=\"620\">Medidas (aproximadas):\u00a0 \u00a0\u00a0<\/strong><\/p>\n<ul>\n<li data-start=\"851\" data-end=\"867\">\n<p data-start=\"853\" data-end=\"867\">Largo: 58 cm<\/p>\n<\/li>\n<li data-start=\"868\" data-end=\"884\">\n<p data-start=\"870\" data-end=\"884\">Busto: 52 cm<\/p>\n<\/li>\n<li data-start=\"885\" data-end=\"903\">\n<p data-start=\"887\" data-end=\"903\">Cintura: 50 cm<\/p>\n<\/li>\n<li data-start=\"904\" data-end=\"921\">\n<p data-start=\"906\" data-end=\"921\">Cadera: 48 cm<\/p>\n<\/li>\n<\/ul>\n<p data-start=\"801\" data-end=\"953\">Recomendaci\u00f3n: Lavar a mano con agua fr\u00eda para conservar su forma y textura.<\/p>","protected":false},"excerpt":{"rendered":"<p>Sweater de lana acr\u00edlica, ideal para looks c\u00f3modos y con un toque elegante. Su tejido suave y liviano proporciona abrigo sin resultar pesado, y su dise\u00f1o de textura sutil vertical estiliza la silueta y aporta un acabado moderno. El talle \u00fanico se adapta a diferentes cuerpos con un calce relajado y c\u00f3modo, ideal para usar [&#8230;]\n","protected":false},"featured_media":476,"template":"","meta":[],"product_brand":[],"product_cat":[72,81],"product_tag":[20,52,82],"class_list":{"0":"post-437","1":"product","2":"type-product","3":"status-publish","4":"has-post-thumbnail","6":"product_cat-mujer","7":"product_cat-sweater","8":"product_tag-invierno","9":"product_tag-liquidacion","10":"product_tag-sweaters","12":"first","13":"instock","14":"sale","15":"shipping-taxable","16":"purchasable","17":"product-type-variable"},"_links":{"self":[{"href":"https:\/\/legneon.com.ar\/es\/wp-json\/wp\/v2\/product\/437","targetHints":{"allow":["GET"]}}],"collection":[{"href":"https:\/\/legneon.com.ar\/es\/wp-json\/wp\/v2\/product"}],"about":[{"href":"https:\/\/legneon.com.ar\/es\/wp-json\/wp\/v2\/types\/product"}],"wp:featuredmedia":[{"embeddable":true,"href":"https:\/\/legneon.com.ar\/es\/wp-json\/wp\/v2\/media\/476"}],"wp:attachment":[{"href":"https:\/\/legneon.com.ar\/es\/wp-json\/wp\/v2\/media?parent=437"}],"wp:term":[{"taxonomy":"product_brand","embeddable":true,"href":"https:\/\/legneon.com.ar\/es\/wp-json\/wp\/v2\/product_brand?post=437"},{"taxonomy":"product_cat","embeddable":true,"href":"https:\/\/legneon.com.ar\/es\/wp-json\/wp\/v2\/product_cat?post=437"},{"taxonomy":"product_tag","embeddable":true,"href":"https:\/\/legneon.com.ar\/es\/wp-json\/wp\/v2\/product_tag?post=437"}],"curies":[{"name":"wp","href":"https:\/\/api.w.org\/{rel}","templated":true}]}}