{"id":428,"date":"2025-09-03T21:41:27","date_gmt":"2025-09-04T00:41:27","guid":{"rendered":"http:\/\/legneon.com.ar\/?post_type=product&#038;p=428"},"modified":"2026-04-06T21:03:52","modified_gmt":"2026-04-07T00:03:52","slug":"sweater-emile","status":"publish","type":"product","link":"https:\/\/legneon.com.ar\/es\/producto\/sweater-emile\/","title":{"rendered":"Sweater Emile"},"content":{"rendered":"<p data-start=\"144\" data-end=\"402\">Sweater\u00a0de dise\u00f1o texturado. Su patr\u00f3n en relieve agrega un toque sofisticado a una prenda b\u00e1sica y vers\u00e1til. Perfecto para combinar con jeans, pantalones o faldas y sumar abrigo con personalidad.<\/p>\n<p data-start=\"404\" data-end=\"600\">Est\u00e1 confeccionado en lana acr\u00edlica, lo que lo hace suave, abrigado y muy f\u00e1cil de cuidar. Su calce c\u00f3modo y talle \u00fanico se adapta a diferentes tipos de cuerpo, ideal para usar todos los d\u00edas.<\/p>\n<p data-start=\"602\" data-end=\"622\"><strong data-start=\"602\" data-end=\"622\">Caracter\u00edsticas:<\/strong><\/p>\n<ul data-start=\"623\" data-end=\"776\">\n<li data-start=\"623\" data-end=\"659\">\n<p data-start=\"625\" data-end=\"659\">Material: <strong data-start=\"635\" data-end=\"657\">100% lana acr\u00edlica<\/strong><\/p>\n<\/li>\n<li data-start=\"660\" data-end=\"675\">\n<p data-start=\"662\" data-end=\"675\">Talle \u00fanico<\/p>\n<\/li>\n<li data-start=\"676\" data-end=\"718\">\n<p data-start=\"678\" data-end=\"718\">Tejido texturado con dise\u00f1o en relieve<\/p>\n<\/li>\n<li data-start=\"719\" data-end=\"745\">\n<p data-start=\"721\" data-end=\"745\">Cuello redondo cl\u00e1sico<\/p>\n<\/li>\n<li data-start=\"746\" data-end=\"776\">\n<p data-start=\"748\" data-end=\"776\">Pu\u00f1os y cintura acanalados<\/p>\n<\/li>\n<\/ul>\n<p data-start=\"778\" data-end=\"804\"><strong data-start=\"778\" data-end=\"804\">Medidas (aproximadas):<\/strong><\/p>\n<ul data-start=\"805\" data-end=\"872\">\n<li data-start=\"805\" data-end=\"821\">\n<p data-start=\"807\" data-end=\"821\">Largo: 50 cm<\/p>\n<\/li>\n<li data-start=\"822\" data-end=\"846\">\n<p data-start=\"824\" data-end=\"846\">Ancho (busto): 52 cm<\/p>\n<\/li>\n<li data-start=\"847\" data-end=\"872\">\n<p data-start=\"849\" data-end=\"872\">Largo de manga: 49 cm<\/p>\n<\/li>\n<\/ul>\n<p data-start=\"874\" data-end=\"1014\">\ud83e\uddfa Cuidado: Lavar a mano o en ciclo suave. No usar secadora.<\/p>","protected":false},"excerpt":{"rendered":"<p>Sweater\u00a0de dise\u00f1o texturado. Su patr\u00f3n en relieve agrega un toque sofisticado a una prenda b\u00e1sica y vers\u00e1til. Perfecto para combinar con jeans, pantalones o faldas y sumar abrigo con personalidad. Est\u00e1 confeccionado en lana acr\u00edlica, lo que lo hace suave, abrigado y muy f\u00e1cil de cuidar. Su calce c\u00f3modo y talle \u00fanico se adapta a [&#8230;]\n","protected":false},"featured_media":444,"template":"","meta":[],"product_brand":[],"product_cat":[72,81],"product_tag":[20,52,82],"class_list":{"0":"post-428","1":"product","2":"type-product","3":"status-publish","4":"has-post-thumbnail","6":"product_cat-mujer","7":"product_cat-sweater","8":"product_tag-invierno","9":"product_tag-liquidacion","10":"product_tag-sweaters","12":"first","13":"instock","14":"sale","15":"shipping-taxable","16":"purchasable","17":"product-type-variable"},"_links":{"self":[{"href":"https:\/\/legneon.com.ar\/es\/wp-json\/wp\/v2\/product\/428","targetHints":{"allow":["GET"]}}],"collection":[{"href":"https:\/\/legneon.com.ar\/es\/wp-json\/wp\/v2\/product"}],"about":[{"href":"https:\/\/legneon.com.ar\/es\/wp-json\/wp\/v2\/types\/product"}],"wp:featuredmedia":[{"embeddable":true,"href":"https:\/\/legneon.com.ar\/es\/wp-json\/wp\/v2\/media\/444"}],"wp:attachment":[{"href":"https:\/\/legneon.com.ar\/es\/wp-json\/wp\/v2\/media?parent=428"}],"wp:term":[{"taxonomy":"product_brand","embeddable":true,"href":"https:\/\/legneon.com.ar\/es\/wp-json\/wp\/v2\/product_brand?post=428"},{"taxonomy":"product_cat","embeddable":true,"href":"https:\/\/legneon.com.ar\/es\/wp-json\/wp\/v2\/product_cat?post=428"},{"taxonomy":"product_tag","embeddable":true,"href":"https:\/\/legneon.com.ar\/es\/wp-json\/wp\/v2\/product_tag?post=428"}],"curies":[{"name":"wp","href":"https:\/\/api.w.org\/{rel}","templated":true}]}}