{"id":37886,"date":"2026-04-06T11:03:34","date_gmt":"2026-04-06T14:03:34","guid":{"rendered":"https:\/\/legneon.com.ar\/producto\/pantalon-basic-de-nino-friza\/"},"modified":"2026-04-06T15:43:55","modified_gmt":"2026-04-06T18:43:55","slug":"pantalon-basic-de-nino-friza","status":"publish","type":"product","link":"https:\/\/legneon.com.ar\/es\/producto\/pantalon-basic-de-nino-friza\/","title":{"rendered":"Pantal\u00f3n BASIC de ni\u00f1o friza"},"content":{"rendered":"<p>Pantal\u00f3n recto de algod\u00f3n frizado, con bolsillos delanteros.<\/p>\n<p>Talles<br \/>\n6<br \/>\n8<br \/>\n10<br \/>\n12<br \/>\n14<br \/>\n16<\/p>","protected":false},"excerpt":{"rendered":"<p>Pantal\u00f3n recto de algod\u00f3n frizado, con bolsillos delanteros. Talles 6 8 10 12 14 16<\/p>","protected":false},"featured_media":37905,"template":"","meta":[],"product_brand":[],"product_cat":[24,115],"product_tag":[22,18,19,20],"class_list":{"0":"post-37886","1":"product","2":"type-product","3":"status-publish","4":"has-post-thumbnail","6":"product_cat-ninos","7":"product_cat-pantalon-ninos","8":"product_tag-basicos","9":"product_tag-escolar","10":"product_tag-friza-alg-pol","11":"product_tag-invierno","13":"first","14":"instock","15":"shipping-taxable","16":"purchasable","17":"product-type-variable"},"_links":{"self":[{"href":"https:\/\/legneon.com.ar\/es\/wp-json\/wp\/v2\/product\/37886","targetHints":{"allow":["GET"]}}],"collection":[{"href":"https:\/\/legneon.com.ar\/es\/wp-json\/wp\/v2\/product"}],"about":[{"href":"https:\/\/legneon.com.ar\/es\/wp-json\/wp\/v2\/types\/product"}],"wp:featuredmedia":[{"embeddable":true,"href":"https:\/\/legneon.com.ar\/es\/wp-json\/wp\/v2\/media\/37905"}],"wp:attachment":[{"href":"https:\/\/legneon.com.ar\/es\/wp-json\/wp\/v2\/media?parent=37886"}],"wp:term":[{"taxonomy":"product_brand","embeddable":true,"href":"https:\/\/legneon.com.ar\/es\/wp-json\/wp\/v2\/product_brand?post=37886"},{"taxonomy":"product_cat","embeddable":true,"href":"https:\/\/legneon.com.ar\/es\/wp-json\/wp\/v2\/product_cat?post=37886"},{"taxonomy":"product_tag","embeddable":true,"href":"https:\/\/legneon.com.ar\/es\/wp-json\/wp\/v2\/product_tag?post=37886"}],"curies":[{"name":"wp","href":"https:\/\/api.w.org\/{rel}","templated":true}]}}