{"id":37124,"date":"2026-02-13T10:39:39","date_gmt":"2026-02-13T13:39:39","guid":{"rendered":"https:\/\/legneon.com.ar\/producto\/pantalon-recto-nino-basic-liv\/"},"modified":"2026-04-08T10:36:19","modified_gmt":"2026-04-08T13:36:19","slug":"pantalon-recto-nino-basic-liv","status":"publish","type":"product","link":"https:\/\/legneon.com.ar\/es\/producto\/pantalon-recto-nino-basic-liv\/","title":{"rendered":"Pantal\u00f3n Recto Ni\u00f1o UNISEX BASIC Liv"},"content":{"rendered":"<p>Pantalon recto de algod\u00f3n r\u00fastico, con bolsillos delanteros.<\/p>\n<p>Talles<br \/>\n6<br \/>\n8<br \/>\n10<br \/>\n12<br \/>\n14<br \/>\n16<\/p>","protected":false},"excerpt":{"rendered":"<p>Pantalon recto de algod\u00f3n r\u00fastico, con bolsillos delanteros. Talles 6 8 10 12 14 16<\/p>","protected":false},"featured_media":37144,"template":"","meta":[],"product_brand":[],"product_cat":[24,115],"product_tag":[22,146,51],"class_list":{"0":"post-37124","1":"product","2":"type-product","3":"status-publish","4":"has-post-thumbnail","6":"product_cat-ninos","7":"product_cat-pantalon-ninos","8":"product_tag-basicos","9":"product_tag-rustico-liviano","10":"product_tag-verano","12":"first","13":"instock","14":"shipping-taxable","15":"purchasable","16":"product-type-variable"},"_links":{"self":[{"href":"https:\/\/legneon.com.ar\/es\/wp-json\/wp\/v2\/product\/37124","targetHints":{"allow":["GET"]}}],"collection":[{"href":"https:\/\/legneon.com.ar\/es\/wp-json\/wp\/v2\/product"}],"about":[{"href":"https:\/\/legneon.com.ar\/es\/wp-json\/wp\/v2\/types\/product"}],"wp:featuredmedia":[{"embeddable":true,"href":"https:\/\/legneon.com.ar\/es\/wp-json\/wp\/v2\/media\/37144"}],"wp:attachment":[{"href":"https:\/\/legneon.com.ar\/es\/wp-json\/wp\/v2\/media?parent=37124"}],"wp:term":[{"taxonomy":"product_brand","embeddable":true,"href":"https:\/\/legneon.com.ar\/es\/wp-json\/wp\/v2\/product_brand?post=37124"},{"taxonomy":"product_cat","embeddable":true,"href":"https:\/\/legneon.com.ar\/es\/wp-json\/wp\/v2\/product_cat?post=37124"},{"taxonomy":"product_tag","embeddable":true,"href":"https:\/\/legneon.com.ar\/es\/wp-json\/wp\/v2\/product_tag?post=37124"}],"curies":[{"name":"wp","href":"https:\/\/api.w.org\/{rel}","templated":true}]}}