{"id":36255,"date":"2026-01-22T15:22:53","date_gmt":"2026-01-22T18:22:53","guid":{"rendered":"https:\/\/legneon.com.ar\/producto\/chupin-de-nino-cierre-nylon\/"},"modified":"2026-04-04T14:12:11","modified_gmt":"2026-04-04T17:12:11","slug":"chupin-de-nino-cierre-nylon","status":"publish","type":"product","link":"https:\/\/legneon.com.ar\/es\/producto\/chupin-de-nino-cierre-nylon\/","title":{"rendered":"Chupin de ni\u00f1o Cierre nylon"},"content":{"rendered":"<div class=\"woocommerce-tabs wc-tabs-wrapper container tabbed-content\">\n<div class=\"tab-panels\">\n<div id=\"tab-description\" class=\"woocommerce-Tabs-panel woocommerce-Tabs-panel--description panel entry-content active\" role=\"tabpanel\" aria-labelledby=\"tab-title-description\">\n<p dir=\"auto\" data-pm-slice=\"1 1 []\">Este Jogging est\u00e1 hecho de algod\u00f3n r\u00fastico, tiene bolsillos laterales con cierre y cord\u00f3n ajustable.<\/p>\n<\/div>\n<\/div>\n<\/div>\n<div class=\"related related-products-wrapper product-section\"><\/div>","protected":false},"excerpt":{"rendered":"<p>Este Jogging est\u00e1 hecho de algod\u00f3n r\u00fastico, tiene bolsillos laterales con cierre y cord\u00f3n ajustable.<\/p>","protected":false},"featured_media":36292,"template":"","meta":[],"product_brand":[],"product_cat":[24,115],"product_tag":[22,127,51],"class_list":{"0":"post-36255","1":"product","2":"type-product","3":"status-publish","4":"has-post-thumbnail","6":"product_cat-ninos","7":"product_cat-pantalon-ninos","8":"product_tag-basicos","9":"product_tag-rustico-alg-pol","10":"product_tag-verano","12":"first","13":"instock","14":"shipping-taxable","15":"purchasable","16":"product-type-variable"},"_links":{"self":[{"href":"https:\/\/legneon.com.ar\/es\/wp-json\/wp\/v2\/product\/36255","targetHints":{"allow":["GET"]}}],"collection":[{"href":"https:\/\/legneon.com.ar\/es\/wp-json\/wp\/v2\/product"}],"about":[{"href":"https:\/\/legneon.com.ar\/es\/wp-json\/wp\/v2\/types\/product"}],"wp:featuredmedia":[{"embeddable":true,"href":"https:\/\/legneon.com.ar\/es\/wp-json\/wp\/v2\/media\/36292"}],"wp:attachment":[{"href":"https:\/\/legneon.com.ar\/es\/wp-json\/wp\/v2\/media?parent=36255"}],"wp:term":[{"taxonomy":"product_brand","embeddable":true,"href":"https:\/\/legneon.com.ar\/es\/wp-json\/wp\/v2\/product_brand?post=36255"},{"taxonomy":"product_cat","embeddable":true,"href":"https:\/\/legneon.com.ar\/es\/wp-json\/wp\/v2\/product_cat?post=36255"},{"taxonomy":"product_tag","embeddable":true,"href":"https:\/\/legneon.com.ar\/es\/wp-json\/wp\/v2\/product_tag?post=36255"}],"curies":[{"name":"wp","href":"https:\/\/api.w.org\/{rel}","templated":true}]}}