{"id":34161,"date":"2025-10-22T09:53:21","date_gmt":"2025-10-22T12:53:21","guid":{"rendered":"https:\/\/legneon.com.ar\/producto\/pantalon-recto-club\/"},"modified":"2026-04-06T11:17:22","modified_gmt":"2026-04-06T14:17:22","slug":"pantalon-recto-club","status":"publish","type":"product","link":"https:\/\/legneon.com.ar\/es\/producto\/pantalon-recto-club\/","title":{"rendered":"Pantal\u00f3n RECTO CLUB"},"content":{"rendered":"<p><strong>Pantalon de algod\u00f3n r\u00fastico con cord\u00f3n elastico y tanca regulable, bolsillos laterales y bordado.<\/strong><\/p>\n<p>Talle 1 &#8211; S<br \/>\nTalle 2\u00a0 &#8211; M<br \/>\nTalle 3 &#8211; L<\/p>\n<p><em>El modelo esta usando un talle 2 color Rayo.\u00a0<\/em><\/p>","protected":false},"excerpt":{"rendered":"<p>Pantalon de algod\u00f3n r\u00fastico con cord\u00f3n elastico y tanca regulable, bolsillos laterales y bordado. Talle 1 &#8211; S Talle 2\u00a0 &#8211; M Talle 3 &#8211; L El modelo esta usando un talle 2 color Rayo.\u00a0<\/p>","protected":false},"featured_media":34171,"template":"","meta":[],"product_brand":[],"product_cat":[16,17],"product_tag":[127,169,51],"class_list":{"0":"post-34161","1":"product","2":"type-product","3":"status-publish","4":"has-post-thumbnail","6":"product_cat-hombre","7":"product_cat-pantalon","8":"product_tag-rustico-alg-pol","9":"product_tag-urbano","10":"product_tag-verano","12":"first","13":"instock","14":"shipping-taxable","15":"purchasable","16":"product-type-variable"},"_links":{"self":[{"href":"https:\/\/legneon.com.ar\/es\/wp-json\/wp\/v2\/product\/34161","targetHints":{"allow":["GET"]}}],"collection":[{"href":"https:\/\/legneon.com.ar\/es\/wp-json\/wp\/v2\/product"}],"about":[{"href":"https:\/\/legneon.com.ar\/es\/wp-json\/wp\/v2\/types\/product"}],"wp:featuredmedia":[{"embeddable":true,"href":"https:\/\/legneon.com.ar\/es\/wp-json\/wp\/v2\/media\/34171"}],"wp:attachment":[{"href":"https:\/\/legneon.com.ar\/es\/wp-json\/wp\/v2\/media?parent=34161"}],"wp:term":[{"taxonomy":"product_brand","embeddable":true,"href":"https:\/\/legneon.com.ar\/es\/wp-json\/wp\/v2\/product_brand?post=34161"},{"taxonomy":"product_cat","embeddable":true,"href":"https:\/\/legneon.com.ar\/es\/wp-json\/wp\/v2\/product_cat?post=34161"},{"taxonomy":"product_tag","embeddable":true,"href":"https:\/\/legneon.com.ar\/es\/wp-json\/wp\/v2\/product_tag?post=34161"}],"curies":[{"name":"wp","href":"https:\/\/api.w.org\/{rel}","templated":true}]}}