{"id":3379,"date":"2025-09-04T08:24:57","date_gmt":"2025-09-04T11:24:57","guid":{"rendered":"http:\/\/legneon.com.ar\/?post_type=product&#038;p=3379"},"modified":"2026-04-06T18:42:56","modified_gmt":"2026-04-06T21:42:56","slug":"chupin-dama-cpuno-friza","status":"publish","type":"product","link":"https:\/\/legneon.com.ar\/es\/producto\/chupin-dama-cpuno-friza\/","title":{"rendered":"Chupin dama c\/pu\u00f1o Friza"},"content":{"rendered":"<p><strong>Pantal\u00f3n joggin mujer con pu\u00f1o <\/strong><strong>de friza<\/strong><strong>, cintura con elastico. Bolsillos delanteros y bolsillo posterior con cierre y bordado.<\/strong><\/p>\n<p>Talle 1 &#8211; S<br \/>\nTalle 2 &#8211; M<br \/>\nTalle 3 &#8211; L<br \/>\nTalle 4 &#8211; XL<br \/>\nTalle 5 &#8211; 2XL<br \/>\nTalle 6 &#8211; 3XL<\/p>","protected":false},"excerpt":{"rendered":"<p>Pantal\u00f3n joggin mujer con pu\u00f1o de friza, cintura con elastico. Bolsillos delanteros y bolsillo posterior con cierre y bordado. Talle 1 &#8211; S Talle 2 &#8211; M Talle 3 &#8211; L Talle 4 &#8211; XL Talle 5 &#8211; 2XL Talle 6 &#8211; 3XL<\/p>","protected":false},"featured_media":3402,"template":"","meta":[],"product_brand":[],"product_cat":[72,103],"product_tag":[19,20],"class_list":{"0":"post-3379","1":"product","2":"type-product","3":"status-publish","4":"has-post-thumbnail","6":"product_cat-mujer","7":"product_cat-pantalon-mujer","8":"product_tag-friza-alg-pol","9":"product_tag-invierno","11":"first","12":"instock","13":"shipping-taxable","14":"purchasable","15":"product-type-variable"},"_links":{"self":[{"href":"https:\/\/legneon.com.ar\/es\/wp-json\/wp\/v2\/product\/3379","targetHints":{"allow":["GET"]}}],"collection":[{"href":"https:\/\/legneon.com.ar\/es\/wp-json\/wp\/v2\/product"}],"about":[{"href":"https:\/\/legneon.com.ar\/es\/wp-json\/wp\/v2\/types\/product"}],"wp:featuredmedia":[{"embeddable":true,"href":"https:\/\/legneon.com.ar\/es\/wp-json\/wp\/v2\/media\/3402"}],"wp:attachment":[{"href":"https:\/\/legneon.com.ar\/es\/wp-json\/wp\/v2\/media?parent=3379"}],"wp:term":[{"taxonomy":"product_brand","embeddable":true,"href":"https:\/\/legneon.com.ar\/es\/wp-json\/wp\/v2\/product_brand?post=3379"},{"taxonomy":"product_cat","embeddable":true,"href":"https:\/\/legneon.com.ar\/es\/wp-json\/wp\/v2\/product_cat?post=3379"},{"taxonomy":"product_tag","embeddable":true,"href":"https:\/\/legneon.com.ar\/es\/wp-json\/wp\/v2\/product_tag?post=3379"}],"curies":[{"name":"wp","href":"https:\/\/api.w.org\/{rel}","templated":true}]}}