{"id":2359,"date":"2025-09-03T21:58:24","date_gmt":"2025-09-04T00:58:24","guid":{"rendered":"http:\/\/legneon.com.ar\/?post_type=product&#038;p=2359"},"modified":"2026-03-31T13:42:38","modified_gmt":"2026-03-31T16:42:38","slug":"pantalon-clasico-frizado-t7-y-t8","status":"publish","type":"product","link":"https:\/\/legneon.com.ar\/es\/producto\/pantalon-clasico-frizado-t7-y-t8\/","title":{"rendered":"Pantal\u00f3n Cl\u00e1sico Frizado T7 y T8"},"content":{"rendered":"<p><strong>Pantal\u00f3n joggin recto <\/strong><strong>de friza<\/strong><strong>, cintura con elastico y cordon interno para mejor ajuste. Bolsillos delanteros con cierre y logo en plastisol.<br \/>\nTalles especiales<\/strong><\/p>\n<p>Talle 7<br \/>\nTalle 8<\/p>\n<p>&nbsp;<\/p>","protected":false},"excerpt":{"rendered":"<p>Pantal\u00f3n joggin recto de friza, cintura con elastico y cordon interno para mejor ajuste. Bolsillos delanteros con cierre y logo en plastisol. Talles especiales Talle 7 Talle 8 &nbsp;<\/p>","protected":false},"featured_media":1799,"template":"","meta":[],"product_brand":[],"product_cat":[16,17],"product_tag":[19,20],"class_list":{"0":"post-2359","1":"product","2":"type-product","3":"status-publish","4":"has-post-thumbnail","6":"product_cat-hombre","7":"product_cat-pantalon","8":"product_tag-friza-alg-pol","9":"product_tag-invierno","11":"first","12":"instock","13":"shipping-taxable","14":"purchasable","15":"product-type-variable"},"_links":{"self":[{"href":"https:\/\/legneon.com.ar\/es\/wp-json\/wp\/v2\/product\/2359","targetHints":{"allow":["GET"]}}],"collection":[{"href":"https:\/\/legneon.com.ar\/es\/wp-json\/wp\/v2\/product"}],"about":[{"href":"https:\/\/legneon.com.ar\/es\/wp-json\/wp\/v2\/types\/product"}],"wp:featuredmedia":[{"embeddable":true,"href":"https:\/\/legneon.com.ar\/es\/wp-json\/wp\/v2\/media\/1799"}],"wp:attachment":[{"href":"https:\/\/legneon.com.ar\/es\/wp-json\/wp\/v2\/media?parent=2359"}],"wp:term":[{"taxonomy":"product_brand","embeddable":true,"href":"https:\/\/legneon.com.ar\/es\/wp-json\/wp\/v2\/product_brand?post=2359"},{"taxonomy":"product_cat","embeddable":true,"href":"https:\/\/legneon.com.ar\/es\/wp-json\/wp\/v2\/product_cat?post=2359"},{"taxonomy":"product_tag","embeddable":true,"href":"https:\/\/legneon.com.ar\/es\/wp-json\/wp\/v2\/product_tag?post=2359"}],"curies":[{"name":"wp","href":"https:\/\/api.w.org\/{rel}","templated":true}]}}