{"id":1883,"date":"2025-09-03T21:54:26","date_gmt":"2025-09-04T00:54:26","guid":{"rendered":"http:\/\/legneon.com.ar\/?post_type=product&#038;p=1883"},"modified":"2026-05-11T01:18:50","modified_gmt":"2026-05-11T04:18:50","slug":"cardigan-gianna","status":"publish","type":"product","link":"https:\/\/legneon.com.ar\/es\/producto\/cardigan-gianna\/","title":{"rendered":"Cardigan Gianna"},"content":{"rendered":"<p data-start=\"114\" data-end=\"370\">Cardigan tejido combina dise\u00f1o elegante con m\u00e1xima comodidad. Su textura trenzada y botones con detalle perlado aportan un toque sofisticado, perfecto para elevar cualquier look, ya sea casual o m\u00e1s formal.<\/p>\n<p data-start=\"372\" data-end=\"557\">Confeccionado en lana acr\u00edlica, es suave al tacto, abrigado. El <strong data-start=\"462\" data-end=\"477\">talle \u00fanico<\/strong> se adapta c\u00f3modamente a distintos tipos de cuerpo gracias a su tejido flexible.<\/p>\n<p data-start=\"559\" data-end=\"579\"><strong data-start=\"559\" data-end=\"579\">Caracter\u00edsticas:<\/strong><\/p>\n<ul data-start=\"580\" data-end=\"713\">\n<li data-start=\"580\" data-end=\"614\">\n<p data-start=\"582\" data-end=\"614\">Material: <strong data-start=\"592\" data-end=\"614\">100% lana acr\u00edlica<\/strong><\/p>\n<\/li>\n<li data-start=\"615\" data-end=\"628\">\n<p data-start=\"617\" data-end=\"628\">Talle \u00fanico<\/p>\n<\/li>\n<li data-start=\"629\" data-end=\"644\">\n<p data-start=\"631\" data-end=\"644\">Cuello en \u00abV\u00bb<\/p>\n<\/li>\n<li data-start=\"645\" data-end=\"685\">\n<p data-start=\"647\" data-end=\"685\">Cierre frontal con botones decorativos<\/p>\n<\/li>\n<li data-start=\"686\" data-end=\"713\">\n<p data-start=\"688\" data-end=\"713\">Dise\u00f1o trenzado delantero<\/p>\n<\/li>\n<\/ul>\n<p data-start=\"715\" data-end=\"741\"><strong data-start=\"715\" data-end=\"741\">Medidas (aproximadas):<\/strong><\/p>\n<ul data-start=\"742\" data-end=\"809\">\n<li data-start=\"742\" data-end=\"758\">\n<p data-start=\"744\" data-end=\"758\">Largo: 48 cm<\/p>\n<\/li>\n<li data-start=\"759\" data-end=\"783\">\n<p data-start=\"761\" data-end=\"783\">Ancho (busto): 45 cm<\/p>\n<\/li>\n<li data-start=\"784\" data-end=\"809\">\n<p data-start=\"786\" data-end=\"809\">Largo de manga: 45 cm<\/p>\n<\/li>\n<\/ul>\n<p data-start=\"811\" data-end=\"967\">\ud83e\uddfc Cuidados: Lavar a mano o en programa delicado con agua fr\u00eda. No secar en m\u00e1quina.<\/p>","protected":false},"excerpt":{"rendered":"<p>Cardigan tejido combina dise\u00f1o elegante con m\u00e1xima comodidad. Su textura trenzada y botones con detalle perlado aportan un toque sofisticado, perfecto para elevar cualquier look, ya sea casual o m\u00e1s formal. Confeccionado en lana acr\u00edlica, es suave al tacto, abrigado. El talle \u00fanico se adapta c\u00f3modamente a distintos tipos de cuerpo gracias a su tejido [&#8230;]\n","protected":false},"featured_media":1920,"template":"","meta":[],"product_brand":[],"product_cat":[273,72,81],"product_tag":[274,20,82],"class_list":{"0":"post-1883","1":"product","2":"type-product","3":"status-publish","4":"has-post-thumbnail","6":"product_cat-hot-sale","7":"product_cat-mujer","8":"product_cat-sweater","9":"product_tag-hot-sale","10":"product_tag-invierno","11":"product_tag-sweaters","13":"first","14":"instock","15":"shipping-taxable","16":"purchasable","17":"product-type-variable"},"_links":{"self":[{"href":"https:\/\/legneon.com.ar\/es\/wp-json\/wp\/v2\/product\/1883","targetHints":{"allow":["GET"]}}],"collection":[{"href":"https:\/\/legneon.com.ar\/es\/wp-json\/wp\/v2\/product"}],"about":[{"href":"https:\/\/legneon.com.ar\/es\/wp-json\/wp\/v2\/types\/product"}],"wp:featuredmedia":[{"embeddable":true,"href":"https:\/\/legneon.com.ar\/es\/wp-json\/wp\/v2\/media\/1920"}],"wp:attachment":[{"href":"https:\/\/legneon.com.ar\/es\/wp-json\/wp\/v2\/media?parent=1883"}],"wp:term":[{"taxonomy":"product_brand","embeddable":true,"href":"https:\/\/legneon.com.ar\/es\/wp-json\/wp\/v2\/product_brand?post=1883"},{"taxonomy":"product_cat","embeddable":true,"href":"https:\/\/legneon.com.ar\/es\/wp-json\/wp\/v2\/product_cat?post=1883"},{"taxonomy":"product_tag","embeddable":true,"href":"https:\/\/legneon.com.ar\/es\/wp-json\/wp\/v2\/product_tag?post=1883"}],"curies":[{"name":"wp","href":"https:\/\/api.w.org\/{rel}","templated":true}]}}