{"id":1871,"date":"2025-09-03T21:54:00","date_gmt":"2025-09-04T00:54:00","guid":{"rendered":"http:\/\/legneon.com.ar\/?post_type=product&#038;p=1871"},"modified":"2026-05-11T01:20:53","modified_gmt":"2026-05-11T04:20:53","slug":"polera-ela","status":"publish","type":"product","link":"https:\/\/legneon.com.ar\/es\/producto\/polera-ela\/","title":{"rendered":"Polera Ela"},"content":{"rendered":"<p data-start=\"139\" data-end=\"388\">Polera tejida de cuello alto es ese b\u00e1sico infaltable que eleva cualquier look invernal con estilo y calidez. Con un dise\u00f1o de trenzas gruesas y textura marcada, este modelo aporta un toque cl\u00e1sico y elegante, perfecto para d\u00edas fr\u00edos.<\/p>\n<p data-start=\"390\" data-end=\"583\">Confeccionada en <strong data-start=\"407\" data-end=\"424\">lana acr\u00edlica<\/strong>, ofrece suavidad al contacto con la piel y excelente abrigo, sin sacrificar ligereza. Su cuello alto doblez tipo bufanda te protege del fr\u00edo con mucho estilo.<\/p>\n<p data-start=\"585\" data-end=\"605\"><strong data-start=\"585\" data-end=\"605\">Caracter\u00edsticas:<\/strong><\/p>\n<ul data-start=\"606\" data-end=\"731\">\n<li data-start=\"606\" data-end=\"640\">\n<p data-start=\"608\" data-end=\"640\">Material: <strong data-start=\"618\" data-end=\"640\">100% lana acr\u00edlica<\/strong><\/p>\n<\/li>\n<li data-start=\"641\" data-end=\"654\">\n<p data-start=\"643\" data-end=\"654\">Talle \u00fanico<\/p>\n<\/li>\n<li data-start=\"655\" data-end=\"679\">\n<p data-start=\"657\" data-end=\"679\">Cuello alto envolvente<\/p>\n<\/li>\n<li data-start=\"680\" data-end=\"704\">\n<p data-start=\"682\" data-end=\"704\">Dise\u00f1o trenzado grueso<\/p>\n<\/li>\n<li data-start=\"705\" data-end=\"731\">\n<p data-start=\"707\" data-end=\"731\">Suave, abrigada y c\u00f3moda<\/p>\n<\/li>\n<\/ul>\n<p data-start=\"845\" data-end=\"961\">\ud83e\uddfc <strong data-start=\"848\" data-end=\"861\">Cuidados:<\/strong> Lavar a mano con agua fr\u00eda o en ciclo delicado. Secar extendido a la sombra para mantener su forma.<\/p>","protected":false},"excerpt":{"rendered":"<p>Polera tejida de cuello alto es ese b\u00e1sico infaltable que eleva cualquier look invernal con estilo y calidez. Con un dise\u00f1o de trenzas gruesas y textura marcada, este modelo aporta un toque cl\u00e1sico y elegante, perfecto para d\u00edas fr\u00edos. Confeccionada en lana acr\u00edlica, ofrece suavidad al contacto con la piel y excelente abrigo, sin sacrificar [&#8230;]\n","protected":false},"featured_media":1914,"template":"","meta":[],"product_brand":[],"product_cat":[273,72,81],"product_tag":[274,20,82],"class_list":{"0":"post-1871","1":"product","2":"type-product","3":"status-publish","4":"has-post-thumbnail","6":"product_cat-hot-sale","7":"product_cat-mujer","8":"product_cat-sweater","9":"product_tag-hot-sale","10":"product_tag-invierno","11":"product_tag-sweaters","13":"first","14":"instock","15":"shipping-taxable","16":"purchasable","17":"product-type-variable"},"_links":{"self":[{"href":"https:\/\/legneon.com.ar\/es\/wp-json\/wp\/v2\/product\/1871","targetHints":{"allow":["GET"]}}],"collection":[{"href":"https:\/\/legneon.com.ar\/es\/wp-json\/wp\/v2\/product"}],"about":[{"href":"https:\/\/legneon.com.ar\/es\/wp-json\/wp\/v2\/types\/product"}],"wp:featuredmedia":[{"embeddable":true,"href":"https:\/\/legneon.com.ar\/es\/wp-json\/wp\/v2\/media\/1914"}],"wp:attachment":[{"href":"https:\/\/legneon.com.ar\/es\/wp-json\/wp\/v2\/media?parent=1871"}],"wp:term":[{"taxonomy":"product_brand","embeddable":true,"href":"https:\/\/legneon.com.ar\/es\/wp-json\/wp\/v2\/product_brand?post=1871"},{"taxonomy":"product_cat","embeddable":true,"href":"https:\/\/legneon.com.ar\/es\/wp-json\/wp\/v2\/product_cat?post=1871"},{"taxonomy":"product_tag","embeddable":true,"href":"https:\/\/legneon.com.ar\/es\/wp-json\/wp\/v2\/product_tag?post=1871"}],"curies":[{"name":"wp","href":"https:\/\/api.w.org\/{rel}","templated":true}]}}