{"id":1861,"date":"2025-09-03T21:53:59","date_gmt":"2025-09-04T00:53:59","guid":{"rendered":"http:\/\/legneon.com.ar\/?post_type=product&#038;p=1861"},"modified":"2026-05-11T01:21:27","modified_gmt":"2026-05-11T04:21:27","slug":"sweater-anya","status":"publish","type":"product","link":"https:\/\/legneon.com.ar\/es\/producto\/sweater-anya\/","title":{"rendered":"Sweater Anya"},"content":{"rendered":"<p data-start=\"130\" data-end=\"360\">Sweater trenzado con detalles multicolor tipo \u00abspeckle\u00bb. Su dise\u00f1o cl\u00e1sico con texturas al frente y en las mangas se combina con un fit c\u00f3modo y relajado, ideal para el d\u00eda a d\u00eda.<\/p>\n<p data-start=\"362\" data-end=\"560\">Est\u00e1 confeccionado en <strong data-start=\"384\" data-end=\"401\">lana acr\u00edlica<\/strong>, lo que lo hace suave, liviano y abrigado a la vez. Los peque\u00f1os puntos de colores le aportan un toque divertido y original sin perder elegancia.<\/p>\n<p data-start=\"562\" data-end=\"582\"><strong data-start=\"562\" data-end=\"582\">Caracter\u00edsticas:<\/strong><\/p>\n<ul data-start=\"583\" data-end=\"748\">\n<li data-start=\"583\" data-end=\"617\">\n<p data-start=\"585\" data-end=\"617\">Material: <strong data-start=\"595\" data-end=\"617\">100% lana acr\u00edlica<\/strong><\/p>\n<\/li>\n<li data-start=\"618\" data-end=\"631\">\n<p data-start=\"620\" data-end=\"631\">Talle \u00fanico<\/p>\n<\/li>\n<li data-start=\"632\" data-end=\"648\">\n<p data-start=\"634\" data-end=\"648\">Cuello redondo<\/p>\n<\/li>\n<li data-start=\"649\" data-end=\"704\">\n<p data-start=\"651\" data-end=\"704\">Dise\u00f1o trenzado con textura tipo speckle (multicolor)<\/p>\n<\/li>\n<li data-start=\"705\" data-end=\"748\">\n<p data-start=\"707\" data-end=\"748\">Suave y c\u00f3modo, ideal para looks casuales<\/p>\n<\/li>\n<\/ul>\n<p data-start=\"750\" data-end=\"774\"><strong data-start=\"750\" data-end=\"774\">Medidas aproximadas:<\/strong><\/p>\n<ul data-start=\"775\" data-end=\"842\">\n<li data-start=\"775\" data-end=\"791\">\n<p data-start=\"777\" data-end=\"791\">Largo: 61 cm<\/p>\n<\/li>\n<li data-start=\"792\" data-end=\"816\">\n<p data-start=\"794\" data-end=\"816\">Ancho (busto): 57 cm<\/p>\n<\/li>\n<li data-start=\"817\" data-end=\"842\">\n<p data-start=\"819\" data-end=\"842\">Largo de manga: 48 cm<\/p>\n<\/li>\n<\/ul>\n<p data-start=\"844\" data-end=\"1047\">\ud83e\uddfc Cuidados: Lavar a mano o en ciclo delicado con agua fr\u00eda. Secar extendido para conservar su forma.<\/p>","protected":false},"excerpt":{"rendered":"<p>Sweater trenzado con detalles multicolor tipo \u00abspeckle\u00bb. Su dise\u00f1o cl\u00e1sico con texturas al frente y en las mangas se combina con un fit c\u00f3modo y relajado, ideal para el d\u00eda a d\u00eda. Est\u00e1 confeccionado en lana acr\u00edlica, lo que lo hace suave, liviano y abrigado a la vez. Los peque\u00f1os puntos de colores le aportan [&#8230;]\n","protected":false},"featured_media":1876,"template":"","meta":[],"product_brand":[],"product_cat":[273,72,81],"product_tag":[274,20,82],"class_list":{"0":"post-1861","1":"product","2":"type-product","3":"status-publish","4":"has-post-thumbnail","6":"product_cat-hot-sale","7":"product_cat-mujer","8":"product_cat-sweater","9":"product_tag-hot-sale","10":"product_tag-invierno","11":"product_tag-sweaters","13":"first","14":"instock","15":"shipping-taxable","16":"purchasable","17":"product-type-variable"},"_links":{"self":[{"href":"https:\/\/legneon.com.ar\/es\/wp-json\/wp\/v2\/product\/1861","targetHints":{"allow":["GET"]}}],"collection":[{"href":"https:\/\/legneon.com.ar\/es\/wp-json\/wp\/v2\/product"}],"about":[{"href":"https:\/\/legneon.com.ar\/es\/wp-json\/wp\/v2\/types\/product"}],"wp:featuredmedia":[{"embeddable":true,"href":"https:\/\/legneon.com.ar\/es\/wp-json\/wp\/v2\/media\/1876"}],"wp:attachment":[{"href":"https:\/\/legneon.com.ar\/es\/wp-json\/wp\/v2\/media?parent=1861"}],"wp:term":[{"taxonomy":"product_brand","embeddable":true,"href":"https:\/\/legneon.com.ar\/es\/wp-json\/wp\/v2\/product_brand?post=1861"},{"taxonomy":"product_cat","embeddable":true,"href":"https:\/\/legneon.com.ar\/es\/wp-json\/wp\/v2\/product_cat?post=1861"},{"taxonomy":"product_tag","embeddable":true,"href":"https:\/\/legneon.com.ar\/es\/wp-json\/wp\/v2\/product_tag?post=1861"}],"curies":[{"name":"wp","href":"https:\/\/api.w.org\/{rel}","templated":true}]}}