{"id":1857,"date":"2025-09-03T21:53:59","date_gmt":"2025-09-04T00:53:59","guid":{"rendered":"http:\/\/legneon.com.ar\/?post_type=product&#038;p=1857"},"modified":"2026-05-11T01:21:09","modified_gmt":"2026-05-11T04:21:09","slug":"polera-sammy","status":"publish","type":"product","link":"https:\/\/legneon.com.ar\/es\/producto\/polera-sammy\/","title":{"rendered":"Polera Sammy"},"content":{"rendered":"<p data-start=\"139\" data-end=\"468\">Polera tejida, ideal para los d\u00edas m\u00e1s fr\u00edos. Su dise\u00f1o combina un delicado patr\u00f3n trenzado al frente y cuello alto acanalado que brinda abrigo y estilo a la vez.<\/p>\n<p data-start=\"470\" data-end=\"658\">Confeccionada en lana acr\u00edlica suave, es una prenda liviana, abrigada. El <strong data-start=\"573\" data-end=\"588\">talle \u00fanico<\/strong> con corte relajado se adapta c\u00f3modamente a distintos tipos de cuerpo.<\/p>\n<p data-start=\"660\" data-end=\"680\"><strong data-start=\"660\" data-end=\"680\">Caracter\u00edsticas:<\/strong><\/p>\n<ul data-start=\"681\" data-end=\"818\">\n<li data-start=\"681\" data-end=\"717\">\n<p data-start=\"683\" data-end=\"717\">Material: <strong data-start=\"693\" data-end=\"715\">100% lana acr\u00edlica<\/strong><\/p>\n<\/li>\n<li data-start=\"718\" data-end=\"733\">\n<p data-start=\"720\" data-end=\"733\">Talle \u00fanico<\/p>\n<\/li>\n<li data-start=\"734\" data-end=\"761\">\n<p data-start=\"736\" data-end=\"761\">Cuello alto tipo polera<\/p>\n<\/li>\n<li data-start=\"762\" data-end=\"789\">\n<p data-start=\"764\" data-end=\"789\">Tejido trenzado frontal<\/p>\n<\/li>\n<li data-start=\"790\" data-end=\"818\">\n<p data-start=\"792\" data-end=\"818\">Pu\u00f1os y ruedo acanalados<\/p>\n<\/li>\n<\/ul>\n<p data-start=\"820\" data-end=\"846\"><strong data-start=\"820\" data-end=\"846\">Medidas (aproximadas):<\/strong><\/p>\n<ul data-start=\"847\" data-end=\"949\">\n<li data-start=\"847\" data-end=\"871\">\n<p data-start=\"849\" data-end=\"871\">Largo espalda: 56 cm<\/p>\n<\/li>\n<li data-start=\"872\" data-end=\"898\">\n<p data-start=\"874\" data-end=\"898\">Largo delantero: 47 cm<\/p>\n<\/li>\n<li data-start=\"899\" data-end=\"923\">\n<p data-start=\"901\" data-end=\"923\">Ancho (busto): 46 cm<\/p>\n<\/li>\n<li data-start=\"924\" data-end=\"949\">\n<p data-start=\"926\" data-end=\"949\">Largo de manga: 54 cm<\/p>\n<\/li>\n<\/ul>\n<p data-start=\"951\" data-end=\"1091\">\ud83e\uddfa Cuidado: Lavar a mano con agua fr\u00eda o en ciclo delicado. No usar secadora.<\/p>","protected":false},"excerpt":{"rendered":"<p>Polera tejida, ideal para los d\u00edas m\u00e1s fr\u00edos. Su dise\u00f1o combina un delicado patr\u00f3n trenzado al frente y cuello alto acanalado que brinda abrigo y estilo a la vez. Confeccionada en lana acr\u00edlica suave, es una prenda liviana, abrigada. El talle \u00fanico con corte relajado se adapta c\u00f3modamente a distintos tipos de cuerpo. Caracter\u00edsticas: Material: [&#8230;]\n","protected":false},"featured_media":1872,"template":"","meta":[],"product_brand":[],"product_cat":[273,72,81],"product_tag":[274,20,82],"class_list":{"0":"post-1857","1":"product","2":"type-product","3":"status-publish","4":"has-post-thumbnail","6":"product_cat-hot-sale","7":"product_cat-mujer","8":"product_cat-sweater","9":"product_tag-hot-sale","10":"product_tag-invierno","11":"product_tag-sweaters","13":"first","14":"instock","15":"shipping-taxable","16":"purchasable","17":"product-type-variable"},"_links":{"self":[{"href":"https:\/\/legneon.com.ar\/es\/wp-json\/wp\/v2\/product\/1857","targetHints":{"allow":["GET"]}}],"collection":[{"href":"https:\/\/legneon.com.ar\/es\/wp-json\/wp\/v2\/product"}],"about":[{"href":"https:\/\/legneon.com.ar\/es\/wp-json\/wp\/v2\/types\/product"}],"wp:featuredmedia":[{"embeddable":true,"href":"https:\/\/legneon.com.ar\/es\/wp-json\/wp\/v2\/media\/1872"}],"wp:attachment":[{"href":"https:\/\/legneon.com.ar\/es\/wp-json\/wp\/v2\/media?parent=1857"}],"wp:term":[{"taxonomy":"product_brand","embeddable":true,"href":"https:\/\/legneon.com.ar\/es\/wp-json\/wp\/v2\/product_brand?post=1857"},{"taxonomy":"product_cat","embeddable":true,"href":"https:\/\/legneon.com.ar\/es\/wp-json\/wp\/v2\/product_cat?post=1857"},{"taxonomy":"product_tag","embeddable":true,"href":"https:\/\/legneon.com.ar\/es\/wp-json\/wp\/v2\/product_tag?post=1857"}],"curies":[{"name":"wp","href":"https:\/\/api.w.org\/{rel}","templated":true}]}}