{"id":1829,"date":"2025-09-03T21:53:30","date_gmt":"2025-09-04T00:53:30","guid":{"rendered":"http:\/\/legneon.com.ar\/?post_type=product&#038;p=1829"},"modified":"2026-05-11T01:21:47","modified_gmt":"2026-05-11T04:21:47","slug":"sweater-kai","status":"publish","type":"product","link":"https:\/\/legneon.com.ar\/es\/producto\/sweater-kai\/","title":{"rendered":"Sweater Kai"},"content":{"rendered":"<p data-start=\"131\" data-end=\"334\">Sweater tejido con detalles trenzados que le da un toque cl\u00e1sico y sofisticado, ideal para combinar con jeans, faldas o pantalones de vestir.<\/p>\n<p data-start=\"336\" data-end=\"514\">Confeccionado en <strong data-start=\"353\" data-end=\"370\">lana acr\u00edlica<\/strong>, es suave, liviano y muy c\u00f3modo para el d\u00eda a d\u00eda. Su tono neutro y corte relajado lo convierten en una prenda vers\u00e1til para cualquier ocasi\u00f3n.<\/p>\n<p data-start=\"516\" data-end=\"536\"><strong data-start=\"516\" data-end=\"536\">Caracter\u00edsticas:<\/strong><\/p>\n<ul data-start=\"537\" data-end=\"676\">\n<li data-start=\"537\" data-end=\"571\">\n<p data-start=\"539\" data-end=\"571\">Material: <strong data-start=\"549\" data-end=\"571\">100% lana acr\u00edlica<\/strong><\/p>\n<\/li>\n<li data-start=\"572\" data-end=\"585\">\n<p data-start=\"574\" data-end=\"585\">Talle \u00fanico<\/p>\n<\/li>\n<li data-start=\"586\" data-end=\"602\">\n<p data-start=\"588\" data-end=\"602\">Cuello redondo<\/p>\n<\/li>\n<li data-start=\"603\" data-end=\"639\">\n<p data-start=\"605\" data-end=\"639\">Dise\u00f1o trenzado<\/p>\n<\/li>\n<li data-start=\"640\" data-end=\"676\">\n<p data-start=\"642\" data-end=\"676\">Textura suave y agradable al tacto<\/p>\n<\/li>\n<\/ul>\n<p data-start=\"678\" data-end=\"702\"><strong data-start=\"678\" data-end=\"702\">Medidas aproximadas:<\/strong><\/p>\n<ul data-start=\"703\" data-end=\"770\">\n<li data-start=\"703\" data-end=\"719\">\n<p data-start=\"705\" data-end=\"719\">Largo: 48 cm<\/p>\n<\/li>\n<li data-start=\"720\" data-end=\"744\">\n<p data-start=\"722\" data-end=\"744\">Ancho (busto): 51 cm<\/p>\n<\/li>\n<li data-start=\"745\" data-end=\"770\">\n<p data-start=\"747\" data-end=\"770\">Largo de manga: 45 cm<\/p>\n<\/li>\n<\/ul>\n<p data-start=\"772\" data-end=\"949\">\ud83e\uddfc Cuidados: Lavar a mano o en programa delicado con agua fr\u00eda. No usar secadora.<\/p>","protected":false},"excerpt":{"rendered":"<p>Sweater tejido con detalles trenzados que le da un toque cl\u00e1sico y sofisticado, ideal para combinar con jeans, faldas o pantalones de vestir. Confeccionado en lana acr\u00edlica, es suave, liviano y muy c\u00f3modo para el d\u00eda a d\u00eda. Su tono neutro y corte relajado lo convierten en una prenda vers\u00e1til para cualquier ocasi\u00f3n. Caracter\u00edsticas: Material: [&#8230;]\n","protected":false},"featured_media":1833,"template":"","meta":[],"product_brand":[],"product_cat":[273,72,81],"product_tag":[274,20,82],"class_list":{"0":"post-1829","1":"product","2":"type-product","3":"status-publish","4":"has-post-thumbnail","6":"product_cat-hot-sale","7":"product_cat-mujer","8":"product_cat-sweater","9":"product_tag-hot-sale","10":"product_tag-invierno","11":"product_tag-sweaters","13":"first","14":"instock","15":"shipping-taxable","16":"purchasable","17":"product-type-variable"},"_links":{"self":[{"href":"https:\/\/legneon.com.ar\/es\/wp-json\/wp\/v2\/product\/1829","targetHints":{"allow":["GET"]}}],"collection":[{"href":"https:\/\/legneon.com.ar\/es\/wp-json\/wp\/v2\/product"}],"about":[{"href":"https:\/\/legneon.com.ar\/es\/wp-json\/wp\/v2\/types\/product"}],"wp:featuredmedia":[{"embeddable":true,"href":"https:\/\/legneon.com.ar\/es\/wp-json\/wp\/v2\/media\/1833"}],"wp:attachment":[{"href":"https:\/\/legneon.com.ar\/es\/wp-json\/wp\/v2\/media?parent=1829"}],"wp:term":[{"taxonomy":"product_brand","embeddable":true,"href":"https:\/\/legneon.com.ar\/es\/wp-json\/wp\/v2\/product_brand?post=1829"},{"taxonomy":"product_cat","embeddable":true,"href":"https:\/\/legneon.com.ar\/es\/wp-json\/wp\/v2\/product_cat?post=1829"},{"taxonomy":"product_tag","embeddable":true,"href":"https:\/\/legneon.com.ar\/es\/wp-json\/wp\/v2\/product_tag?post=1829"}],"curies":[{"name":"wp","href":"https:\/\/api.w.org\/{rel}","templated":true}]}}