{"id":1762,"date":"2025-09-03T21:52:47","date_gmt":"2025-09-04T00:52:47","guid":{"rendered":"http:\/\/legneon.com.ar\/?post_type=product&#038;p=1762"},"modified":"2026-04-06T11:12:31","modified_gmt":"2026-04-06T14:12:31","slug":"chupin-nene-frizado-con-puno","status":"publish","type":"product","link":"https:\/\/legneon.com.ar\/es\/producto\/chupin-nene-frizado-con-puno\/","title":{"rendered":"Chup\u00edn Nene Frizado Con Pu\u00f1o"},"content":{"rendered":"<p><strong>Pantal\u00f3n jogging con pu\u00f1o de friza<\/strong><strong>, cintura con elastico y cord\u00f3n para un mejor ajuste. Bolsillos laterales con cierre.<br \/>\n<\/strong><\/p>\n<p>Talle 6<br \/>\nTalle 8<br \/>\nTalle 10<br \/>\nTalle 12<br \/>\nTalle 14<br \/>\nTalle 16<br \/>\nTalle 18<\/p>\n<p>&nbsp;<\/p>\n<p><strong>\u00a0<\/strong><\/p>","protected":false},"excerpt":{"rendered":"<p>Pantal\u00f3n jogging con pu\u00f1o de friza, cintura con elastico y cord\u00f3n para un mejor ajuste. Bolsillos laterales con cierre. Talle 6 Talle 8 Talle 10 Talle 12 Talle 14 Talle 16 Talle 18 &nbsp; \u00a0<\/p>","protected":false},"featured_media":1788,"template":"","meta":[],"product_brand":[],"product_cat":[24,115],"product_tag":[18,19,20],"class_list":{"0":"post-1762","1":"product","2":"type-product","3":"status-publish","4":"has-post-thumbnail","6":"product_cat-ninos","7":"product_cat-pantalon-ninos","8":"product_tag-escolar","9":"product_tag-friza-alg-pol","10":"product_tag-invierno","12":"first","13":"instock","14":"shipping-taxable","15":"purchasable","16":"product-type-variable"},"_links":{"self":[{"href":"https:\/\/legneon.com.ar\/es\/wp-json\/wp\/v2\/product\/1762","targetHints":{"allow":["GET"]}}],"collection":[{"href":"https:\/\/legneon.com.ar\/es\/wp-json\/wp\/v2\/product"}],"about":[{"href":"https:\/\/legneon.com.ar\/es\/wp-json\/wp\/v2\/types\/product"}],"wp:featuredmedia":[{"embeddable":true,"href":"https:\/\/legneon.com.ar\/es\/wp-json\/wp\/v2\/media\/1788"}],"wp:attachment":[{"href":"https:\/\/legneon.com.ar\/es\/wp-json\/wp\/v2\/media?parent=1762"}],"wp:term":[{"taxonomy":"product_brand","embeddable":true,"href":"https:\/\/legneon.com.ar\/es\/wp-json\/wp\/v2\/product_brand?post=1762"},{"taxonomy":"product_cat","embeddable":true,"href":"https:\/\/legneon.com.ar\/es\/wp-json\/wp\/v2\/product_cat?post=1762"},{"taxonomy":"product_tag","embeddable":true,"href":"https:\/\/legneon.com.ar\/es\/wp-json\/wp\/v2\/product_tag?post=1762"}],"curies":[{"name":"wp","href":"https:\/\/api.w.org\/{rel}","templated":true}]}}