{"id":1132,"date":"2025-09-03T21:47:58","date_gmt":"2025-09-04T00:47:58","guid":{"rendered":"http:\/\/legneon.com.ar\/?post_type=product&#038;p=1132"},"modified":"2026-03-11T11:47:19","modified_gmt":"2026-03-11T14:47:19","slug":"short-nene-basico-t6-al-t16","status":"publish","type":"product","link":"https:\/\/legneon.com.ar\/es\/producto\/short-nene-basico-t6-al-t16\/","title":{"rendered":"Short Nene B\u00e1sico T6 al T16"},"content":{"rendered":"<p dir=\"auto\" data-pm-slice=\"1 1 []\">\u00a1Prep\u00e1rate para los d\u00edas escolares m\u00e1s c\u00f3modos de todos los tiempos con el\u00a0<span style=\"font-size: 14.4px\">Short<\/span><span style=\"font-size: 14.4px\">\u00a0<\/span>B\u00e1sico<span style=\"font-size: 14.4px\"> Escolar de LEGNEON! Confeccionados con algod\u00f3n r\u00fastico, bolsillos laterales y una cintura el\u00e1stica suave, estos shorts te mantendr\u00e1n fresco y c\u00f3modo todo el d\u00eda mientras aprendes, juegas voleibol o haces educaci\u00f3n f\u00edsica. \u00bfY la mejor parte? Obtienes gran calidad y precio al por mayor. \u00a1<\/span>Consegu\u00ed<span style=\"font-size: 14.4px\">\u00a0tu Short\u00a0B\u00e1sico Escolar y disfruta de los d\u00edas de colegio como nunca antes!<\/span><\/p>","protected":false},"excerpt":{"rendered":"<p>\u00a1Prep\u00e1rate para los d\u00edas escolares m\u00e1s c\u00f3modos de todos los tiempos con el\u00a0Short\u00a0B\u00e1sico Escolar de LEGNEON! Confeccionados con algod\u00f3n r\u00fastico, bolsillos laterales y una cintura el\u00e1stica suave, estos shorts te mantendr\u00e1n fresco y c\u00f3modo todo el d\u00eda mientras aprendes, juegas voleibol o haces educaci\u00f3n f\u00edsica. \u00bfY la mejor parte? Obtienes gran calidad y precio al [&#8230;]\n","protected":false},"featured_media":1148,"template":"","meta":[],"product_brand":[],"product_cat":[24,163],"product_tag":[18,146,51],"class_list":{"0":"post-1132","1":"product","2":"type-product","3":"status-publish","4":"has-post-thumbnail","6":"product_cat-ninos","7":"product_cat-short-ninos","8":"product_tag-escolar","9":"product_tag-rustico-liviano","10":"product_tag-verano","12":"first","13":"outofstock","14":"shipping-taxable","15":"purchasable","16":"product-type-variable"},"_links":{"self":[{"href":"https:\/\/legneon.com.ar\/es\/wp-json\/wp\/v2\/product\/1132","targetHints":{"allow":["GET"]}}],"collection":[{"href":"https:\/\/legneon.com.ar\/es\/wp-json\/wp\/v2\/product"}],"about":[{"href":"https:\/\/legneon.com.ar\/es\/wp-json\/wp\/v2\/types\/product"}],"wp:featuredmedia":[{"embeddable":true,"href":"https:\/\/legneon.com.ar\/es\/wp-json\/wp\/v2\/media\/1148"}],"wp:attachment":[{"href":"https:\/\/legneon.com.ar\/es\/wp-json\/wp\/v2\/media?parent=1132"}],"wp:term":[{"taxonomy":"product_brand","embeddable":true,"href":"https:\/\/legneon.com.ar\/es\/wp-json\/wp\/v2\/product_brand?post=1132"},{"taxonomy":"product_cat","embeddable":true,"href":"https:\/\/legneon.com.ar\/es\/wp-json\/wp\/v2\/product_cat?post=1132"},{"taxonomy":"product_tag","embeddable":true,"href":"https:\/\/legneon.com.ar\/es\/wp-json\/wp\/v2\/product_tag?post=1132"}],"curies":[{"name":"wp","href":"https:\/\/api.w.org\/{rel}","templated":true}]}}