{"id":1100,"date":"2025-09-03T21:47:32","date_gmt":"2025-09-04T00:47:32","guid":{"rendered":"http:\/\/legneon.com.ar\/?post_type=product&#038;p=1100"},"modified":"2026-04-06T09:23:12","modified_gmt":"2026-04-06T12:23:12","slug":"chupin-nena-rustico-t4-al-t16","status":"publish","type":"product","link":"https:\/\/legneon.com.ar\/es\/producto\/chupin-nena-rustico-t4-al-t16\/","title":{"rendered":"Chup\u00edn Nena R\u00fastico T4 al T16"},"content":{"rendered":"<p dir=\"auto\" data-pm-slice=\"1 1 []\">\u00a1El jogging escolar para ni\u00f1as de LEGNEON es la m\u00e1xima comodidad para los d\u00edas de escuela de tu hija! Confeccionado con algod\u00f3n r\u00fastico, dise\u00f1ado con bolsillos laterales y un bolsillo trasero, y terminado con una cintura el\u00e1stica suave, este jogging es perfecto para cualquier actividad, desde educaci\u00f3n f\u00edsica hasta jugar voleibol. \u00a1Obt\u00e9n una calidad inigualable a precios de mayorista ahora!<\/p>","protected":false},"excerpt":{"rendered":"<p>\u00a1El jogging escolar para ni\u00f1as de LEGNEON es la m\u00e1xima comodidad para los d\u00edas de escuela de tu hija! Confeccionado con algod\u00f3n r\u00fastico, dise\u00f1ado con bolsillos laterales y un bolsillo trasero, y terminado con una cintura el\u00e1stica suave, este jogging es perfecto para cualquier actividad, desde educaci\u00f3n f\u00edsica hasta jugar voleibol. \u00a1Obt\u00e9n una calidad inigualable [&#8230;]\n","protected":false},"featured_media":1112,"template":"","meta":[],"product_brand":[],"product_cat":[24,115],"product_tag":[18,127,51],"class_list":{"0":"post-1100","1":"product","2":"type-product","3":"status-publish","4":"has-post-thumbnail","6":"product_cat-ninos","7":"product_cat-pantalon-ninos","8":"product_tag-escolar","9":"product_tag-rustico-alg-pol","10":"product_tag-verano","12":"first","13":"instock","14":"shipping-taxable","15":"purchasable","16":"product-type-variable"},"_links":{"self":[{"href":"https:\/\/legneon.com.ar\/es\/wp-json\/wp\/v2\/product\/1100","targetHints":{"allow":["GET"]}}],"collection":[{"href":"https:\/\/legneon.com.ar\/es\/wp-json\/wp\/v2\/product"}],"about":[{"href":"https:\/\/legneon.com.ar\/es\/wp-json\/wp\/v2\/types\/product"}],"wp:featuredmedia":[{"embeddable":true,"href":"https:\/\/legneon.com.ar\/es\/wp-json\/wp\/v2\/media\/1112"}],"wp:attachment":[{"href":"https:\/\/legneon.com.ar\/es\/wp-json\/wp\/v2\/media?parent=1100"}],"wp:term":[{"taxonomy":"product_brand","embeddable":true,"href":"https:\/\/legneon.com.ar\/es\/wp-json\/wp\/v2\/product_brand?post=1100"},{"taxonomy":"product_cat","embeddable":true,"href":"https:\/\/legneon.com.ar\/es\/wp-json\/wp\/v2\/product_cat?post=1100"},{"taxonomy":"product_tag","embeddable":true,"href":"https:\/\/legneon.com.ar\/es\/wp-json\/wp\/v2\/product_tag?post=1100"}],"curies":[{"name":"wp","href":"https:\/\/api.w.org\/{rel}","templated":true}]}}