{"id":1025,"date":"2025-09-03T21:46:57","date_gmt":"2025-09-04T00:46:57","guid":{"rendered":"http:\/\/legneon.com.ar\/?post_type=product&#038;p=1025"},"modified":"2026-04-04T15:10:19","modified_gmt":"2026-04-04T18:10:19","slug":"chupin-nene-rustico-con-puno-t6-al-t18","status":"publish","type":"product","link":"https:\/\/legneon.com.ar\/es\/producto\/chupin-nene-rustico-con-puno-t6-al-t18\/","title":{"rendered":"Chup\u00edn Nene R\u00fastico Con Pu\u00f1o T6 al T18"},"content":{"rendered":"<p dir=\"auto\" data-pm-slice=\"1 1 []\">\u00a1Dale a tu hijo el mejor comienzo en la escuela con Legneon! Este chupin \u00fanico es perfecto para mantener a su hijo c\u00f3modo y fresco durante esos ajetreados d\u00edas escolares. Confeccionado con algod\u00f3n r\u00fastico, con cordones ajustables y bolsillos laterales con cierre, este chupin con pu\u00f1o es la manera perfecta de mantenerlos con estilo y sentirse seguros. Haga que los d\u00edas escolares sean m\u00e1s f\u00e1ciles y divertidos para su peque\u00f1o.<\/p>","protected":false},"excerpt":{"rendered":"<p>\u00a1Dale a tu hijo el mejor comienzo en la escuela con Legneon! Este chupin \u00fanico es perfecto para mantener a su hijo c\u00f3modo y fresco durante esos ajetreados d\u00edas escolares. Confeccionado con algod\u00f3n r\u00fastico, con cordones ajustables y bolsillos laterales con cierre, este chupin con pu\u00f1o es la manera perfecta de mantenerlos con estilo y [&#8230;]\n","protected":false},"featured_media":1032,"template":"","meta":[],"product_brand":[],"product_cat":[24,115],"product_tag":[18,127,51],"class_list":{"0":"post-1025","1":"product","2":"type-product","3":"status-publish","4":"has-post-thumbnail","6":"product_cat-ninos","7":"product_cat-pantalon-ninos","8":"product_tag-escolar","9":"product_tag-rustico-alg-pol","10":"product_tag-verano","12":"first","13":"instock","14":"shipping-taxable","15":"purchasable","16":"product-type-variable"},"_links":{"self":[{"href":"https:\/\/legneon.com.ar\/es\/wp-json\/wp\/v2\/product\/1025","targetHints":{"allow":["GET"]}}],"collection":[{"href":"https:\/\/legneon.com.ar\/es\/wp-json\/wp\/v2\/product"}],"about":[{"href":"https:\/\/legneon.com.ar\/es\/wp-json\/wp\/v2\/types\/product"}],"wp:featuredmedia":[{"embeddable":true,"href":"https:\/\/legneon.com.ar\/es\/wp-json\/wp\/v2\/media\/1032"}],"wp:attachment":[{"href":"https:\/\/legneon.com.ar\/es\/wp-json\/wp\/v2\/media?parent=1025"}],"wp:term":[{"taxonomy":"product_brand","embeddable":true,"href":"https:\/\/legneon.com.ar\/es\/wp-json\/wp\/v2\/product_brand?post=1025"},{"taxonomy":"product_cat","embeddable":true,"href":"https:\/\/legneon.com.ar\/es\/wp-json\/wp\/v2\/product_cat?post=1025"},{"taxonomy":"product_tag","embeddable":true,"href":"https:\/\/legneon.com.ar\/es\/wp-json\/wp\/v2\/product_tag?post=1025"}],"curies":[{"name":"wp","href":"https:\/\/api.w.org\/{rel}","templated":true}]}}