{"id":10029,"date":"2020-05-19T13:40:05","date_gmt":"2020-05-19T13:40:05","guid":{"rendered":"http:\/\/legneon.com.ar\/?page_id=3756"},"modified":"2020-05-19T13:40:05","modified_gmt":"2020-05-19T13:40:05","slug":"formas-de-envio","status":"publish","type":"page","link":"https:\/\/legneon.com.ar\/es\/formas-de-envio\/","title":{"rendered":"Formas de Env\u00edo"},"content":{"rendered":"<div id=\"page-header-316321097\" class=\"page-header-wrapper\">\n  <div class=\"page-title light divided-title\">\n\n    \n    <div class=\"page-title-inner container align-center text-center flex-row-col medium-flex-wrap\" >\n              <div class=\"title-wrapper uppercase is-larger flex-col\">\n          <h1 class=\"entry-title mb-0\">\n            Formas de env\u00edo y pago          <\/h1>\n        <\/div>\n                    <div class=\"title-content flex-col\">\n              <\/div>\n    <\/div>\n\n       <\/div>\n  <div class=\"container header-wrapper-divider\"><hr\/><\/div>  <\/div>\n  \n\n<div class=\"row row-collapse\" style=\"max-width:800px\" id=\"row-811208458\">\n\n\n\t<div id=\"col-1141054241\" class=\"col small-12 large-12\"  >\n\t\t\t\t<div class=\"col-inner\"  >\n\t\t\t\n\t\t\t\n\n<div style=\"text-align: center;\">Realizamos env\u00edos a todo el pa\u00eds desde <strong>$150.000<\/strong> a trav\u00e9s de las siguientes opciones:<\/div>\n<div style=\"text-align: center;\">\u00a0<\/div>\n<div style=\"text-align: center;\"><strong>\u2022 Expreso Privado a domicilio o sucursal.<\/strong><\/div>\n<div style=\"text-align: center;\"><strong>\u2022 Transporte de larga distancia a terminales.<\/strong><\/div>\n<div style=\"text-align: center;\"><strong>\u2022 Correos (Urbano, Correo Argentino, Andreani).<\/strong><\/div>\n<div style=\"text-align: center;\">\n<hr \/>\n<\/div>\n<div style=\"text-align: center;\">Los pedidos son enviados a una <strong>central de transporte<\/strong> que se encarga de redirigirlos a la empresa correspondiente. <br \/><strong>Los costos de env\u00edo y la elecci\u00f3n de la empresa son responsabilidad del cliente.<\/strong><\/div>\n<div style=\"text-align: center;\">\u00a0<\/div>\n<div style=\"text-align: center;\">Si elige el env\u00edo por <strong>Expreso\/Transporte<\/strong>, en el formulario de compra puede optar por <strong>Expreso Privado a Domicilio o Transporte de Larga Distancia a Terminal (con un costo de despacho hacia la empresa elegida de $4000 por bulto)<\/strong>. Completar el campo <strong>\u201cTRANSPORTE\u201d<\/strong> con el nombre de la empresa a trav\u00e9s de la cual desea enviar su pedido.<\/div>\n<div style=\"text-align: center;\">\u00a0<\/div>\n<div style=\"text-align: center;\">Para env\u00edos a trav\u00e9s de <strong>CORREOS<\/strong>, seleccione la opci\u00f3n de correo de su preferencia y especifique si es para entrega en sucursal o domicilio.<\/div>\n<div style=\"text-align: center;\">\u00a0<\/div>\n<div style=\"text-align: center;\">Recibir\u00e1 una notificaci\u00f3n por <strong>WhatsApp el d\u00eda de despacho, y posteriormente la GU\u00cdA DE SEGUIMIENTO, <\/strong>proporcionada por la empresa de transporte.<\/div>\n<div style=\"text-align: center;\">\n<hr \/>\n<\/div>\n<div style=\"text-align: center;\"><strong>Es importante destacar que, una vez emitido el comprobante con la gu\u00eda correspondiente, la responsabilidad del bulto recae exclusivamente en el cliente y la empresa de transporte elegida.<\/strong><\/div>\n<div style=\"text-align: center;\">\u00a0<\/div>\n<div style=\"text-align: center;\">En todos los env\u00edos se declara un monto m\u00ednimo de seguro para evitar gastos adicionales al cliente. <strong>Si necesita condiciones diferentes, por favor, ind\u00edquelo claramente en su pedido.<\/strong><\/div>\n<div style=\"text-align: center;\">\u00a0<\/div>\n<div style=\"text-align: center;\">El tiempo estimado de entrega es de <strong>3 a 6 d\u00edas h\u00e1biles a partir de la entrega del n\u00famero de gu\u00eda o remito de despacho.<\/strong><\/div>\n<div style=\"text-align: center;\">\n<hr \/>\n<\/div>\n<div style=\"text-align: center;\"><strong>NOTA: Los pedidos sin respuesta y sin pago se retienen por 48 horas. Pasado este plazo, el pedido se considera abandonado y se libera autom\u00e1ticamente.<\/strong><\/div>\n\n\n\t\t<\/div>\n\t\t\t\t\t<\/div>\n\n\t\n\n<\/div>","protected":false},"excerpt":{"rendered":"","protected":false},"author":1,"featured_media":0,"parent":0,"menu_order":0,"comment_status":"closed","ping_status":"closed","template":"","meta":{"footnotes":""},"class_list":["post-10029","page","type-page","status-publish","hentry"],"_links":{"self":[{"href":"https:\/\/legneon.com.ar\/es\/wp-json\/wp\/v2\/pages\/10029","targetHints":{"allow":["GET"]}}],"collection":[{"href":"https:\/\/legneon.com.ar\/es\/wp-json\/wp\/v2\/pages"}],"about":[{"href":"https:\/\/legneon.com.ar\/es\/wp-json\/wp\/v2\/types\/page"}],"author":[{"embeddable":true,"href":"https:\/\/legneon.com.ar\/es\/wp-json\/wp\/v2\/users\/1"}],"replies":[{"embeddable":true,"href":"https:\/\/legneon.com.ar\/es\/wp-json\/wp\/v2\/comments?post=10029"}],"version-history":[{"count":0,"href":"https:\/\/legneon.com.ar\/es\/wp-json\/wp\/v2\/pages\/10029\/revisions"}],"wp:attachment":[{"href":"https:\/\/legneon.com.ar\/es\/wp-json\/wp\/v2\/media?parent=10029"}],"curies":[{"name":"wp","href":"https:\/\/api.w.org\/{rel}","templated":true}]}}