{"id":10028,"date":"2020-05-19T13:35:00","date_gmt":"2020-05-19T16:35:00","guid":{"rendered":"http:\/\/legneon.com.ar\/?page_id=3750"},"modified":"2020-05-19T13:35:00","modified_gmt":"2020-05-19T16:35:00","slug":"f-a-q","status":"publish","type":"page","link":"https:\/\/legneon.com.ar\/es\/f-a-q\/","title":{"rendered":"PREGUNTAS FRECUENTES"},"content":{"rendered":"<div id=\"page-header-261916589\" class=\"page-header-wrapper\">\n  <div class=\"page-title light divided-title\">\n\n    \n    <div class=\"page-title-inner container align-center text-center flex-row-col medium-flex-wrap\" >\n              <div class=\"title-wrapper is-larger flex-col\">\n          <h1 class=\"entry-title mb-0\">\n            PREGUNTAS FRECUENTES          <\/h1>\n        <\/div>\n                    <div class=\"title-content flex-col\">\n              <\/div>\n    <\/div>\n\n       <\/div>\n  <div class=\"container header-wrapper-divider\"><hr\/><\/div>  <\/div>\n  \n\n<div class=\"row row-collapse align-center\" style=\"max-width:800px\" id=\"row-1653986939\">\n\n\n\t<div id=\"col-735162903\" class=\"col small-12 large-12\"  >\n\t\t\t\t<div class=\"col-inner\"  >\n\t\t\t\n\t\t\t\n\n<div class=\"accordion\">\n\n\t<div id=\"accordion-1465573314\" class=\"accordion-item\">\n\t\t<a id=\"accordion-1465573314-label\" class=\"accordion-title plain\" href=\"#accordion-item-\u00bfcomo-puedo-realizar-una-compra-online?\" aria-expanded=\"false\" aria-controls=\"accordion-1465573314-content\">\n\t\t\t<button class=\"toggle\" aria-label=\"Toggle\"><i class=\"icon-angle-down\" aria-hidden=\"true\"><\/i><\/button>\n\t\t\t<span>\u00bfCOMO PUEDO REALIZAR UNA COMPRA ONLINE?<\/span>\n\t\t<\/a>\n\t\t<div id=\"accordion-1465573314-content\" class=\"accordion-inner\" aria-labelledby=\"accordion-1465573314-label\">\n\t\t\t\n\n<p class=\"uppercase\">Para poder comprar en la p\u00e1gina, es primordial que te <strong>registres y crear una cuenta<\/strong> ingresando todos los datos solicitados en el formulario.<\/p>\n<p class=\"uppercase\">Una vez registrado, vas a recibir un correo electr\u00f3nico de confirmaci\u00f3n, luego podr\u00e1s ingresar a la p\u00e1gina y elegir las prendas que m\u00e1s te gusten.<\/p>\n\n\t\t<\/div>\n\t<\/div>\n\t\n\t<div id=\"accordion-556179101\" class=\"accordion-item\">\n\t\t<a id=\"accordion-556179101-label\" class=\"accordion-title plain\" href=\"#accordion-item-\u00bfcu\u00c1l-es-la-compra-m\u00cdnima?\" aria-expanded=\"false\" aria-controls=\"accordion-556179101-content\">\n\t\t\t<button class=\"toggle\" aria-label=\"Toggle\"><i class=\"icon-angle-down\" aria-hidden=\"true\"><\/i><\/button>\n\t\t\t<span>\u00bfCU\u00c1L ES LA COMPRA M\u00cdNIMA?<\/span>\n\t\t<\/a>\n\t\t<div id=\"accordion-556179101-content\" class=\"accordion-inner\" aria-labelledby=\"accordion-556179101-label\">\n\t\t\t\n\n<p class=\"uppercase\">La compra m\u00ednima en la p\u00e1gina es de <strong>$150.000<\/strong><\/p>\n\n\n\t\t<\/div>\n\t<\/div>\n\t\n\t<div id=\"accordion-461761621\" class=\"accordion-item\">\n\t\t<a id=\"accordion-461761621-label\" class=\"accordion-title plain\" href=\"#accordion-item-\u00bfcu\u00c1les-son-los-medios-de-pago?\" aria-expanded=\"false\" aria-controls=\"accordion-461761621-content\">\n\t\t\t<button class=\"toggle\" aria-label=\"Toggle\"><i class=\"icon-angle-down\" aria-hidden=\"true\"><\/i><\/button>\n\t\t\t<span>\u00bfCU\u00c1LES SON LOS MEDIOS DE PAGO?<\/span>\n\t\t<\/a>\n\t\t<div id=\"accordion-461761621-content\" class=\"accordion-inner\" aria-labelledby=\"accordion-461761621-label\">\n\t\t\t\n\n<p class=\"uppercase\">Podes abonar tu compra a trav\u00e9s de un <strong>dep\u00f3sito, transferencia bancaria o efectivo.<\/strong><\/p>\n\n\t\t<\/div>\n\t<\/div>\n\t\n\t<div id=\"accordion-1578598022\" class=\"accordion-item\">\n\t\t<a id=\"accordion-1578598022-label\" class=\"accordion-title plain\" href=\"#accordion-item-\u00bfcuanto-demora-el-armado-y-envio-del-pedido?\" aria-expanded=\"false\" aria-controls=\"accordion-1578598022-content\">\n\t\t\t<button class=\"toggle\" aria-label=\"Toggle\"><i class=\"icon-angle-down\" aria-hidden=\"true\"><\/i><\/button>\n\t\t\t<span>\u00bfCUANTO DEMORA EL ARMADO Y ENVIO DEL PEDIDO?<\/span>\n\t\t<\/a>\n\t\t<div id=\"accordion-1578598022-content\" class=\"accordion-inner\" aria-labelledby=\"accordion-1578598022-label\">\n\t\t\t\n\n<p class=\"uppercase\">Una vez el pedido est\u00e1 ingresado, el pedido <strong>se guardar\u00e1 por 2 d\u00edas h\u00e1biles<\/strong> para que lo abones. Realizado el pago ten\u00e9s que calcular <strong>entre 4 a 10 d\u00edas h\u00e1biles<\/strong> dependiendo del medio de transporte elegido.<\/p>\n\n\t\t<\/div>\n\t<\/div>\n\t\n\t<div id=\"accordion-1824654168\" class=\"accordion-item\">\n\t\t<a id=\"accordion-1824654168-label\" class=\"accordion-title plain\" href=\"#accordion-item-\u00bfse-pueden-cambiar-las-prendas?\" aria-expanded=\"false\" aria-controls=\"accordion-1824654168-content\">\n\t\t\t<button class=\"toggle\" aria-label=\"Toggle\"><i class=\"icon-angle-down\" aria-hidden=\"true\"><\/i><\/button>\n\t\t\t<span>\u00bfSE PUEDEN CAMBIAR LAS PRENDAS?<\/span>\n\t\t<\/a>\n\t\t<div id=\"accordion-1824654168-content\" class=\"accordion-inner\" aria-labelledby=\"accordion-1824654168-label\">\n\t\t\t\n\n<p class=\"uppercase\">Las prendas se cambian \u00fanicamente por<strong> falla de f\u00e1brica<\/strong> con aviso a las 72 hs de recibido dicho art. los cambios son de forma presencial<\/p>\n\n\t\t<\/div>\n\t<\/div>\n\t\n\t<div id=\"accordion-2610366115\" class=\"accordion-item\">\n\t\t<a id=\"accordion-2610366115-label\" class=\"accordion-title plain\" href=\"#accordion-item-\u00bfpuedo-realizar-un-pedido-por-la-pagina-y-retirarlo-en-el-local?\" aria-expanded=\"false\" aria-controls=\"accordion-2610366115-content\">\n\t\t\t<button class=\"toggle\" aria-label=\"Toggle\"><i class=\"icon-angle-down\" aria-hidden=\"true\"><\/i><\/button>\n\t\t\t<span>\u00bfPUEDO REALIZAR UN PEDIDO POR LA PAGINA Y RETIRARLO EN EL LOCAL?<\/span>\n\t\t<\/a>\n\t\t<div id=\"accordion-2610366115-content\" class=\"accordion-inner\" aria-labelledby=\"accordion-2610366115-label\">\n\t\t\t\n\n<p class=\"uppercase\">Si, podes realizar un pedido y retirarlo en el local dentro de los 7 d\u00edas h\u00e1biles. El pago lo podes realizar por cualquiera de los medios de pago como tambi\u00e9n efectivo contra entrega en el local.<\/p>\n\n\t\t<\/div>\n\t<\/div>\n\t\n\t<div id=\"accordion-118699495\" class=\"accordion-item\">\n\t\t<a id=\"accordion-118699495-label\" class=\"accordion-title plain\" href=\"#accordion-item-\u00bflos-precios-tienen-el-iva-incluido?\" aria-expanded=\"false\" aria-controls=\"accordion-118699495-content\">\n\t\t\t<button class=\"toggle\" aria-label=\"Toggle\"><i class=\"icon-angle-down\" aria-hidden=\"true\"><\/i><\/button>\n\t\t\t<span>\u00bfLOS PRECIOS TIENEN EL IVA INCLUIDO?<\/span>\n\t\t<\/a>\n\t\t<div id=\"accordion-118699495-content\" class=\"accordion-inner\" aria-labelledby=\"accordion-118699495-label\">\n\t\t\t\n\n<p class=\"uppercase\">Si, los precios de la p\u00e1gina incluyen IVA.<\/p>\n\n\t\t<\/div>\n\t<\/div>\n\t\n\t<div id=\"accordion-3225151974\" class=\"accordion-item\">\n\t\t<a id=\"accordion-3225151974-label\" class=\"accordion-title plain\" href=\"#accordion-item-\u00bfcomo-env\u00cdan-los-pedidos?\" aria-expanded=\"false\" aria-controls=\"accordion-3225151974-content\">\n\t\t\t<button class=\"toggle\" aria-label=\"Toggle\"><i class=\"icon-angle-down\" aria-hidden=\"true\"><\/i><\/button>\n\t\t\t<span>\u00bfCOMO ENV\u00cdAN LOS PEDIDOS?<\/span>\n\t\t<\/a>\n\t\t<div id=\"accordion-3225151974-content\" class=\"accordion-inner\" aria-labelledby=\"accordion-3225151974-label\">\n\t\t\t\n\n<p class=\"uppercase\">Los env\u00edos son a todo el pa\u00eds mediante EXPRESO de tu ciudad. \ud83d\ude9b El costo de despacho hacia el expreso es de <strong>$4.000 por bulto.<\/strong> \ud83d\udce6 Costos a cargo del comprador. <br \/>TAMBI\u00c9N SE PUEDEN ENVIAR POR MEDIO DE CORREOS <strong>(CORREO ARGENTINO, ANDREANI, URBANO)<\/strong>, EL COSTO DEPENDERA DE LA OPCI\u00d3N DE CORREO ELEGIDA AL MOMENTO DE FINALIZAR LA COMPRA<\/p>\n\n\t\t<\/div>\n\t<\/div>\n\t\n\n<\/div>\n\n\t\t<\/div>\n\t\t\t\t\t<\/div>\n\n\t\n\n<\/div>","protected":false},"excerpt":{"rendered":"","protected":false},"author":1,"featured_media":0,"parent":0,"menu_order":0,"comment_status":"closed","ping_status":"closed","template":"","meta":{"footnotes":""},"class_list":["post-10028","page","type-page","status-publish","hentry"],"_links":{"self":[{"href":"https:\/\/legneon.com.ar\/es\/wp-json\/wp\/v2\/pages\/10028","targetHints":{"allow":["GET"]}}],"collection":[{"href":"https:\/\/legneon.com.ar\/es\/wp-json\/wp\/v2\/pages"}],"about":[{"href":"https:\/\/legneon.com.ar\/es\/wp-json\/wp\/v2\/types\/page"}],"author":[{"embeddable":true,"href":"https:\/\/legneon.com.ar\/es\/wp-json\/wp\/v2\/users\/1"}],"replies":[{"embeddable":true,"href":"https:\/\/legneon.com.ar\/es\/wp-json\/wp\/v2\/comments?post=10028"}],"version-history":[{"count":0,"href":"https:\/\/legneon.com.ar\/es\/wp-json\/wp\/v2\/pages\/10028\/revisions"}],"wp:attachment":[{"href":"https:\/\/legneon.com.ar\/es\/wp-json\/wp\/v2\/media?parent=10028"}],"curies":[{"name":"wp","href":"https:\/\/api.w.org\/{rel}","templated":true}]}}